{"id":4247,"date":"2021-04-28T13:04:34","date_gmt":"2021-04-28T10:04:34","guid":{"rendered":"http:\/\/altincagmakina.com\/?post_type=product&#038;p=4247"},"modified":"2021-12-28T14:10:06","modified_gmt":"2021-12-28T11:10:06","slug":"%d8%b5%d9%88%d9%85%d8%b9%d8%a9-%d9%82%d9%87%d9%88%d8%a9-%d9%83%d8%b1%d9%88%d9%85-%d8%b5%d9%81%d8%b1%d8%a7%d8%a1","status":"publish","type":"product","link":"https:\/\/altincagmakina.com.tr\/ar\/urun\/%d8%b5%d9%88%d9%85%d8%b9%d8%a9-%d9%82%d9%87%d9%88%d8%a9-%d9%83%d8%b1%d9%88%d9%85-%d8%b5%d9%81%d8%b1%d8%a7%d8%a1\/","title":{"rendered":"\u0635\u0648\u0645\u0639\u0629 \u0642\u0647\u0648\u0629 \u0643\u0631\u0648\u0645 \u0635\u0641\u0631\u0627\u0621"},"content":{"rendered":"<div id='av_section_1'  class='avia-section main_color avia-section-large avia-no-border-styling  avia-bg-style-scroll  avia-builder-el-0  el_before_av_section  avia-builder-el-first   container_wrap fullsize' style=' '  ><div class='container' ><main  role=\"main\" itemprop=\"mainContentOfPage\"  class='template-page content  av-content-full alpha units'><div class='post-entry post-entry-type-page post-entry-4247'><div class='entry-content-wrapper clearfix'>\n<div class=\"flex_column av_one_half  av-animated-generic bottom-to-top  flex_column_div av-zero-column-padding first  avia-builder-el-1  el_before_av_one_half  avia-builder-el-first  \" style='border-radius:0px; '><div  class='avia-image-container  av-styling-    avia-builder-el-2  avia-builder-el-no-sibling  avia-align-right '  itemprop=\"image\" itemscope=\"itemscope\" itemtype=\"https:\/\/schema.org\/ImageObject\"  ><div class='avia-image-container-inner'><div class='avia-image-overlay-wrap'><a href='https:\/\/altincagmakina.com.tr\/ar\/wp-content\/uploads\/2021\/04\/asilos.jpg' class='avia_image'  ><img decoding=\"async\" width=\"800\" height=\"800\" class='wp-image-4248 avia-img-lazy-loading-not-4248 avia_image' src=\"https:\/\/altincagmakina.com.tr\/ar\/wp-content\/uploads\/2021\/04\/asilos.jpg\" alt='' title='asilos'  itemprop=\"thumbnailUrl\" srcset=\"https:\/\/altincagmakina.com.tr\/ar\/wp-content\/uploads\/2021\/04\/asilos.jpg 800w, https:\/\/altincagmakina.com.tr\/ar\/wp-content\/uploads\/2021\/04\/asilos-100x100.jpg 100w, https:\/\/altincagmakina.com.tr\/ar\/wp-content\/uploads\/2021\/04\/asilos-600x600.jpg 600w, https:\/\/altincagmakina.com.tr\/ar\/wp-content\/uploads\/2021\/04\/asilos-300x300.jpg 300w, https:\/\/altincagmakina.com.tr\/ar\/wp-content\/uploads\/2021\/04\/asilos-80x80.jpg 80w, https:\/\/altincagmakina.com.tr\/ar\/wp-content\/uploads\/2021\/04\/asilos-768x768.jpg 768w, https:\/\/altincagmakina.com.tr\/ar\/wp-content\/uploads\/2021\/04\/asilos-36x36.jpg 36w, https:\/\/altincagmakina.com.tr\/ar\/wp-content\/uploads\/2021\/04\/asilos-180x180.jpg 180w, https:\/\/altincagmakina.com.tr\/ar\/wp-content\/uploads\/2021\/04\/asilos-705x705.jpg 705w\" sizes=\"(max-width: 800px) 100vw, 800px\" \/><\/a><\/div><\/div><\/div><\/div><div class=\"flex_column av_one_half  av-animated-generic bottom-to-top  flex_column_div av-zero-column-padding   avia-builder-el-3  el_after_av_one_half  avia-builder-el-last  \" style='border-radius:0px; '><p><div  id=\"urunbaslik\"  style='padding-bottom:10px; ' class='av-special-heading av-special-heading-h2  blockquote modern-quote  avia-builder-el-4  el_before_av_hr  avia-builder-el-first  urunbaslik '><h2 class='av-special-heading-tag '  itemprop=\"headline\"  >\u0635\u0648\u0645\u0639\u0629 \u0642\u0647\u0648\u0629 \u0643\u0631\u0648\u0645 \u0635\u0641\u0631\u0627\u0621<\/h2><div class='special-heading-border'><div class='special-heading-inner-border' ><\/div><\/div><\/div><br \/>\n<div  style='height:25px' class='hr hr-invisible   avia-builder-el-5  el_after_av_heading  el_before_av_product_button '><span class='hr-inner ' ><span class='hr-inner-style'><\/span><\/span><\/div><br \/>\n<div class='av-woo-purchase-button  avia-builder-el-6  el_after_av_hr  el_before_av_iconlist '><p class=\"price\"><span class=\"woocommerce-Price-amount amount\"><bdi><span class=\"woocommerce-Price-currencySymbol\">TL<\/span>&nbsp;0,00<\/bdi><\/span><\/p><\/div><br \/>\n<div  class='avia-icon-list-container   avia-builder-el-7  el_after_av_product_button  el_before_av_hr '><ul class='avia-icon-list avia-icon-list-left av-iconlist-small avia_animate_when_almost_visible avia-iconlist-animate'>\n<li><div  style='color:#240000; font-size:16px; ' class='iconlist_icon  avia-font-entypo-fontello'><span class='iconlist-char ' aria-hidden='true' data-av_icon='\ue879' data-av_iconfont='entypo-fontello'><\/span><\/div><article class=\"article-icon-entry av-iconlist-empty\"  itemscope=\"itemscope\" itemtype=\"https:\/\/schema.org\/CreativeWork\" ><div class='iconlist_content_wrap'><header class=\"entry-content-header\"><div class='av_iconlist_title iconlist_title_small  av_inherit_color '  itemprop=\"headline\"   style='color:#240000; font-size:16px; '>\u0642\u0647\u0648\u0629 \u0645\u062b\u0628\u062a\u0629 \u0639\u0644\u0649 \u0627\u0644\u062d\u0627\u0626\u0637 \u0623\u0648 \u0635\u0648\u0645\u0639\u0629 \u0635\u063a\u064a\u0631\u0629<\/div><\/header><div class='iconlist_content av_inherit_color '  itemprop=\"text\"   style='color:#240000; '><\/div><\/div><footer class=\"entry-footer\"><\/footer><\/article><div class='iconlist-timeline'><\/div><\/li>\n<li><div  style='color:#240000; font-size:16px; ' class='iconlist_icon  avia-font-entypo-fontello'><span class='iconlist-char ' aria-hidden='true' data-av_icon='\ue879' data-av_iconfont='entypo-fontello'><\/span><\/div><article class=\"article-icon-entry av-iconlist-empty\"  itemscope=\"itemscope\" itemtype=\"https:\/\/schema.org\/CreativeWork\" ><div class='iconlist_content_wrap'><header class=\"entry-content-header\"><div class='av_iconlist_title iconlist_title_small  av_inherit_color '  itemprop=\"headline\"   style='color:#240000; font-size:16px; '>\u062a\u062c\u0645\u064a\u0639 \u0633\u0647\u0644<\/div><\/header><div class='iconlist_content av_inherit_color '  itemprop=\"text\"   style='color:#240000; '><\/div><\/div><footer class=\"entry-footer\"><\/footer><\/article><div class='iconlist-timeline'><\/div><\/li>\n<li><div  style='color:#240000; font-size:16px; ' class='iconlist_icon  avia-font-entypo-fontello'><span class='iconlist-char ' aria-hidden='true' data-av_icon='\ue879' data-av_iconfont='entypo-fontello'><\/span><\/div><article class=\"article-icon-entry av-iconlist-empty\"  itemscope=\"itemscope\" itemtype=\"https:\/\/schema.org\/CreativeWork\" ><div class='iconlist_content_wrap'><header class=\"entry-content-header\"><div class='av_iconlist_title iconlist_title_small  av_inherit_color '  itemprop=\"headline\"   style='color:#240000; font-size:16px; '>\u0642\u0637\u0631 15 \u0633\u0645<\/div><\/header><div class='iconlist_content av_inherit_color '  itemprop=\"text\"   style='color:#240000; '><\/div><\/div><footer class=\"entry-footer\"><\/footer><\/article><div class='iconlist-timeline'><\/div><\/li>\n<li><div  style='color:#240000; font-size:16px; ' class='iconlist_icon  avia-font-entypo-fontello'><span class='iconlist-char ' aria-hidden='true' data-av_icon='\ue879' data-av_iconfont='entypo-fontello'><\/span><\/div><article class=\"article-icon-entry av-iconlist-empty\"  itemscope=\"itemscope\" itemtype=\"https:\/\/schema.org\/CreativeWork\" ><div class='iconlist_content_wrap'><header class=\"entry-content-header\"><div class='av_iconlist_title iconlist_title_small  av_inherit_color '  itemprop=\"headline\"   style='color:#240000; font-size:16px; '>\u0627\u0644\u0627\u0631\u062a\u0641\u0627\u0639 45 \u0633\u0645<\/div><\/header><div class='iconlist_content av_inherit_color '  itemprop=\"text\"   style='color:#240000; '><\/div><\/div><footer class=\"entry-footer\"><\/footer><\/article><div class='iconlist-timeline'><\/div><\/li>\n<li><div  style='color:#240000; font-size:16px; ' class='iconlist_icon  avia-font-entypo-fontello'><span class='iconlist-char ' aria-hidden='true' data-av_icon='\ue879' data-av_iconfont='entypo-fontello'><\/span><\/div><article class=\"article-icon-entry av-iconlist-empty\"  itemscope=\"itemscope\" itemtype=\"https:\/\/schema.org\/CreativeWork\" ><div class='iconlist_content_wrap'><header class=\"entry-content-header\"><div class='av_iconlist_title iconlist_title_small  av_inherit_color '  itemprop=\"headline\"   style='color:#240000; font-size:16px; '>\u0633\u0639\u0629 \u0627\u0644\u0642\u0647\u0648\u0629 1.5 \u0643\u062c\u0645<\/div><\/header><div class='iconlist_content av_inherit_color '  itemprop=\"text\"   style='color:#240000; '><\/div><\/div><footer class=\"entry-footer\"><\/footer><\/article><div class='iconlist-timeline'><\/div><\/li>\n<\/ul><\/div><br \/>\n<div  style='height:25px' class='hr hr-invisible   avia-builder-el-8  el_after_av_iconlist  el_before_av_textblock '><span class='hr-inner ' ><span class='hr-inner-style'><\/span><\/span><\/div><br \/>\n<section class=\"av_textblock_section \"  id=\"coffee\"  itemscope=\"itemscope\" itemtype=\"https:\/\/schema.org\/CreativeWork\" ><div class='avia_textblock coffee '   itemprop=\"text\" ><div><span  id=\"coffee\"  class=\"av_font_icon avia_animate_when_visible avia-icon-animate  av-icon-style- coffee avia-icon-pos-left \" style=\"color:#240000; border-color:#240000;\"><span class='av-icon-char' style='font-size:40px;line-height:40px;' aria-hidden='true' data-av_icon='coffee-beans-1' data-av_iconfont='coffebean' ><\/span><\/span><span  id=\"coffee\"  class=\"av_font_icon avia_animate_when_visible avia-icon-animate  av-icon-style- coffee avia-icon-pos-left \" style=\"color:#240000; border-color:#240000;\"><span class='av-icon-char' style='font-size:40px;line-height:40px;' aria-hidden='true' data-av_icon='\uf108' data-av_iconfont='coffebean' ><\/span><\/span><span  id=\"coffee\"  class=\"av_font_icon avia_animate_when_visible avia-icon-animate  av-icon-style- coffee avia-icon-pos-left \" style=\"color:#240000; border-color:#240000;\"><span class='av-icon-char' style='font-size:40px;line-height:40px;' aria-hidden='true' data-av_icon='\uf109' data-av_iconfont='coffebean' ><\/span><\/span><span  id=\"coffee\"  class=\"av_font_icon avia_animate_when_visible avia-icon-animate  av-icon-style- coffee avia-icon-pos-left \" style=\"color:#240000; border-color:#240000;\"><span class='av-icon-char' style='font-size:40px;line-height:40px;' aria-hidden='true' data-av_icon='\uf10a' data-av_iconfont='coffebean' ><\/span><\/span><\/div>\n<\/div><\/section><br \/>\n<div  style='height:50px' class='hr hr-invisible   avia-builder-el-14  el_after_av_textblock  el_before_av_product_meta '><span class='hr-inner ' ><span class='hr-inner-style'><\/span><\/span><\/div><br \/>\n<div class='product_meta  avia-builder-el-15  el_after_av_hr  avia-builder-el-last '><span class=\"sku_wrapper\">SKU:<span class=\"sku\"> Sar\u0131 Krom Kahve Silosu<\/span><\/span><span class=\"posted_in\">Category: <a href=\"https:\/\/altincagmakina.com.tr\/ar\/urun-kategori\/aksesuarlar\/\" rel=\"tag\">\u0645\u0633\u062a\u0644\u0632\u0645\u0627\u062a<\/a><\/span><\/div><\/p><\/div><\/div><\/div><\/main><!-- close content main element --><\/div><\/div><div id='av_section_2'  class='avia-section main_color avia-section-default avia-no-border-styling  avia-bg-style-scroll  avia-builder-el-16  el_after_av_section  avia-builder-el-last   container_wrap fullsize' style=' '  ><div class='container' ><div class='template-page content  av-content-full alpha units'><div class='post-entry post-entry-type-page post-entry-4247'><div class='entry-content-wrapper clearfix'>\n<div   data-autoplay=''  data-interval='5'  data-animation='fade'  data-hoverpause='1'  class='template-shop avia-content-slider avia-content-slider-active avia-product-slider1 avia-content-slider-even  avia-builder-el-17  avia-builder-el-no-sibling   shop_columns_4' ><div class='avia-content-slider-inner'><ul class=\"products slide-entry-wrap\"><li class=\"product type-product post-4241 status-publish first instock product_cat-aksesuarlar has-post-thumbnail shipping-taxable purchasable product-type-simple\">\n\t<div class='inner_product main_color wrapped_style noLightbox  av-product-class-no_button'><div class='thumbnail_container'><img loading=\"lazy\" decoding=\"async\" width=\"300\" height=\"375\" src=\"https:\/\/altincagmakina.com.tr\/ar\/wp-content\/uploads\/2021\/04\/asilo-1-300x375.jpg\" class=\"wp-image-4244 avia-img-lazy-loading-4244 attachment-woocommerce_thumbnail size-woocommerce_thumbnail wp-post-image\" alt=\"\" \/><span class='cart-loading'><\/span><\/div><div class='inner_product_header'><div class='avia-arrow'><\/div><div class='inner_product_header_table'><div class='inner_product_header_cell'><\/div><\/div><\/div><\/div><\/li>\n<li class=\"product type-product post-4245 status-publish instock product_cat-aksesuarlar has-post-thumbnail shipping-taxable purchasable product-type-simple\">\n\t<div class='inner_product main_color wrapped_style noLightbox  av-product-class-no_button'><div class='thumbnail_container'><img loading=\"lazy\" decoding=\"async\" width=\"300\" height=\"375\" src=\"https:\/\/altincagmakina.com.tr\/ar\/wp-content\/uploads\/2021\/04\/asilom-300x375.jpg\" class=\"wp-image-4246 avia-img-lazy-loading-4246 attachment-woocommerce_thumbnail size-woocommerce_thumbnail wp-post-image\" alt=\"\" \/><span class='cart-loading'><\/span><\/div><div class='inner_product_header'><div class='avia-arrow'><\/div><div class='inner_product_header_table'><div class='inner_product_header_cell'><\/div><\/div><\/div><\/div><\/li>\n<li class=\"product type-product post-4247 status-publish instock product_cat-aksesuarlar has-post-thumbnail shipping-taxable purchasable product-type-simple\">\n\t<div class='inner_product main_color wrapped_style noLightbox  av-product-class-no_button'><div class='thumbnail_container'><img decoding=\"async\" width=\"300\" height=\"375\" src=\"https:\/\/altincagmakina.com.tr\/ar\/wp-content\/uploads\/2021\/04\/asilos-300x375.jpg\" class=\"wp-image-4248 avia-img-lazy-loading-not-4248 attachment-woocommerce_thumbnail size-woocommerce_thumbnail wp-post-image\" alt=\"\" \/><span class='cart-loading'><\/span><\/div><div class='inner_product_header'><div class='avia-arrow'><\/div><div class='inner_product_header_table'><div class='inner_product_header_cell'><\/div><\/div><\/div><\/div><\/li>\n<\/ul><\/div><\/div><div class=\"clear\"><\/div>\n<\/p>\n","protected":false},"excerpt":{"rendered":"","protected":false},"featured_media":4248,"comment_status":"open","ping_status":"closed","template":"","meta":[],"class_list":["post-4247","product","type-product","status-publish","has-post-thumbnail","hentry","product_cat-aksesuarlar"],"yoast_head":"<!-- This site is optimized with the Yoast SEO plugin v16.3 - https:\/\/yoast.com\/wordpress\/plugins\/seo\/ -->\n<title>\u0635\u0648\u0645\u0639\u0629 \u0642\u0647\u0648\u0629 \u0643\u0631\u0648\u0645 \u0635\u0641\u0631\u0627\u0621 - Alt\u0131n\u00e7a\u011f Makina<\/title>\n<meta name=\"robots\" content=\"index, follow, max-snippet:-1, max-image-preview:large, max-video-preview:-1\" \/>\n<link rel=\"canonical\" href=\"https:\/\/altincagmakina.com\/ar\/urun\/\u0635\u0648\u0645\u0639\u0629-\u0642\u0647\u0648\u0629-\u0643\u0631\u0648\u0645-\u0635\u0641\u0631\u0627\u0621\/\" \/>\n<meta property=\"og:locale\" content=\"tr_TR\" \/>\n<meta property=\"og:type\" content=\"article\" \/>\n<meta property=\"og:title\" content=\"\u0635\u0648\u0645\u0639\u0629 \u0642\u0647\u0648\u0629 \u0643\u0631\u0648\u0645 \u0635\u0641\u0631\u0627\u0621 - Alt\u0131n\u00e7a\u011f Makina\" \/>\n<meta property=\"og:url\" content=\"https:\/\/altincagmakina.com\/ar\/urun\/\u0635\u0648\u0645\u0639\u0629-\u0642\u0647\u0648\u0629-\u0643\u0631\u0648\u0645-\u0635\u0641\u0631\u0627\u0621\/\" \/>\n<meta property=\"og:site_name\" content=\"Alt\u0131n\u00e7a\u011f Makina\" \/>\n<meta property=\"article:modified_time\" content=\"2021-12-28T11:10:06+00:00\" \/>\n<meta property=\"og:image\" content=\"https:\/\/altincagmakina.com\/ar\/wp-content\/uploads\/2021\/04\/asilos.jpg\" \/>\n\t<meta property=\"og:image:width\" content=\"800\" \/>\n\t<meta property=\"og:image:height\" content=\"800\" \/>\n<meta name=\"twitter:card\" content=\"summary_large_image\" \/>\n<meta name=\"twitter:label1\" content=\"Tahmini okuma s\u00fcresi\">\n\t<meta name=\"twitter:data1\" content=\"8 dakika\">\n<script type=\"application\/ld+json\" class=\"yoast-schema-graph\">{\"@context\":\"https:\/\/schema.org\",\"@graph\":[{\"@type\":\"WebSite\",\"@id\":\"https:\/\/altincagmakina.com\/#website\",\"url\":\"https:\/\/altincagmakina.com\/\",\"name\":\"Alt\\u0131n\\u00e7a\\u011f Makina\",\"description\":\"De\\u011firmenler, Su So\\u011futmal\\u0131 De\\u011firmen, Kavurma Makinesi, G\\u0131da Makineleri, Yard\\u0131mc\\u0131 Ekipmanlar, Aksesuarlar\",\"potentialAction\":[{\"@type\":\"SearchAction\",\"target\":\"https:\/\/altincagmakina.com\/?s={search_term_string}\",\"query-input\":\"required name=search_term_string\"}],\"inLanguage\":\"tr\"},{\"@type\":\"ImageObject\",\"@id\":\"https:\/\/altincagmakina.com\/ar\/urun\/%d8%b5%d9%88%d9%85%d8%b9%d8%a9-%d9%82%d9%87%d9%88%d8%a9-%d9%83%d8%b1%d9%88%d9%85-%d8%b5%d9%81%d8%b1%d8%a7%d8%a1\/#primaryimage\",\"inLanguage\":\"tr\",\"url\":\"https:\/\/altincagmakina.com.tr\/ar\/wp-content\/uploads\/2021\/04\/asilos.jpg\",\"contentUrl\":\"https:\/\/altincagmakina.com.tr\/ar\/wp-content\/uploads\/2021\/04\/asilos.jpg\",\"width\":800,\"height\":800},{\"@type\":\"WebPage\",\"@id\":\"https:\/\/altincagmakina.com\/ar\/urun\/%d8%b5%d9%88%d9%85%d8%b9%d8%a9-%d9%82%d9%87%d9%88%d8%a9-%d9%83%d8%b1%d9%88%d9%85-%d8%b5%d9%81%d8%b1%d8%a7%d8%a1\/#webpage\",\"url\":\"https:\/\/altincagmakina.com\/ar\/urun\/%d8%b5%d9%88%d9%85%d8%b9%d8%a9-%d9%82%d9%87%d9%88%d8%a9-%d9%83%d8%b1%d9%88%d9%85-%d8%b5%d9%81%d8%b1%d8%a7%d8%a1\/\",\"name\":\"\\u0635\\u0648\\u0645\\u0639\\u0629 \\u0642\\u0647\\u0648\\u0629 \\u0643\\u0631\\u0648\\u0645 \\u0635\\u0641\\u0631\\u0627\\u0621 - Alt\\u0131n\\u00e7a\\u011f Makina\",\"isPartOf\":{\"@id\":\"https:\/\/altincagmakina.com\/#website\"},\"primaryImageOfPage\":{\"@id\":\"https:\/\/altincagmakina.com\/ar\/urun\/%d8%b5%d9%88%d9%85%d8%b9%d8%a9-%d9%82%d9%87%d9%88%d8%a9-%d9%83%d8%b1%d9%88%d9%85-%d8%b5%d9%81%d8%b1%d8%a7%d8%a1\/#primaryimage\"},\"datePublished\":\"2021-04-28T10:04:34+00:00\",\"dateModified\":\"2021-12-28T11:10:06+00:00\",\"breadcrumb\":{\"@id\":\"https:\/\/altincagmakina.com\/ar\/urun\/%d8%b5%d9%88%d9%85%d8%b9%d8%a9-%d9%82%d9%87%d9%88%d8%a9-%d9%83%d8%b1%d9%88%d9%85-%d8%b5%d9%81%d8%b1%d8%a7%d8%a1\/#breadcrumb\"},\"inLanguage\":\"tr\",\"potentialAction\":[{\"@type\":\"ReadAction\",\"target\":[\"https:\/\/altincagmakina.com\/ar\/urun\/%d8%b5%d9%88%d9%85%d8%b9%d8%a9-%d9%82%d9%87%d9%88%d8%a9-%d9%83%d8%b1%d9%88%d9%85-%d8%b5%d9%81%d8%b1%d8%a7%d8%a1\/\"]}]},{\"@type\":\"BreadcrumbList\",\"@id\":\"https:\/\/altincagmakina.com\/ar\/urun\/%d8%b5%d9%88%d9%85%d8%b9%d8%a9-%d9%82%d9%87%d9%88%d8%a9-%d9%83%d8%b1%d9%88%d9%85-%d8%b5%d9%81%d8%b1%d8%a7%d8%a1\/#breadcrumb\",\"itemListElement\":[{\"@type\":\"ListItem\",\"position\":1,\"item\":{\"@type\":\"WebPage\",\"@id\":\"https:\/\/altincagmakina.com\/magaza\/\",\"url\":\"https:\/\/altincagmakina.com\/magaza\/\",\"name\":\"Ma\\u011faza\"}},{\"@type\":\"ListItem\",\"position\":2,\"item\":{\"@id\":\"https:\/\/altincagmakina.com\/ar\/urun\/%d8%b5%d9%88%d9%85%d8%b9%d8%a9-%d9%82%d9%87%d9%88%d8%a9-%d9%83%d8%b1%d9%88%d9%85-%d8%b5%d9%81%d8%b1%d8%a7%d8%a1\/#webpage\"}}]}]}<\/script>\n<!-- \/ Yoast SEO plugin. -->","_links":{"self":[{"href":"https:\/\/altincagmakina.com.tr\/ar\/wp-json\/wp\/v2\/product\/4247","targetHints":{"allow":["GET"]}}],"collection":[{"href":"https:\/\/altincagmakina.com.tr\/ar\/wp-json\/wp\/v2\/product"}],"about":[{"href":"https:\/\/altincagmakina.com.tr\/ar\/wp-json\/wp\/v2\/types\/product"}],"replies":[{"embeddable":true,"href":"https:\/\/altincagmakina.com.tr\/ar\/wp-json\/wp\/v2\/comments?post=4247"}],"wp:featuredmedia":[{"embeddable":true,"href":"https:\/\/altincagmakina.com.tr\/ar\/wp-json\/wp\/v2\/media\/4248"}],"wp:attachment":[{"href":"https:\/\/altincagmakina.com.tr\/ar\/wp-json\/wp\/v2\/media?parent=4247"}],"curies":[{"name":"wp","href":"https:\/\/api.w.org\/{rel}","templated":true}]}}