{"id":4199,"date":"2021-04-28T10:46:31","date_gmt":"2021-04-28T07:46:31","guid":{"rendered":"http:\/\/altincagmakina.com\/?post_type=product&#038;p=4199"},"modified":"2021-12-27T15:52:39","modified_gmt":"2021-12-27T12:52:39","slug":"kahve-kavurma-makinasi-ak-30","status":"publish","type":"product","link":"https:\/\/altincagmakina.com.tr\/ar\/urun\/kahve-kavurma-makinasi-ak-30\/","title":{"rendered":"\u0645\u0627\u0643\u064a\u0646\u0629 \u062a\u062d\u0645\u064a\u0635 \u0627\u0644\u0642\u0647\u0648\u0629 \u0623\u064a \u0643\u0627 <yuvarlak>AK-30<\/yuvarlak>"},"content":{"rendered":"<div id='av_section_1'  class='avia-section main_color avia-section-large avia-no-border-styling  avia-bg-style-scroll  avia-builder-el-0  el_before_av_section  avia-builder-el-first   container_wrap fullsize' style=' '  ><div class='container' ><main  role=\"main\" itemprop=\"mainContentOfPage\"  class='template-page content  av-content-full alpha units'><div class='post-entry post-entry-type-page post-entry-4199'><div class='entry-content-wrapper clearfix'>\n<div class=\"flex_column av_one_half  av-animated-generic bottom-to-top  flex_column_div av-zero-column-padding first  avia-builder-el-1  el_before_av_one_half  avia-builder-el-first  \" style='border-radius:0px; '><div  class='avia-image-container  av-styling-    avia-builder-el-2  avia-builder-el-no-sibling  avia-align-right '  itemprop=\"image\" itemscope=\"itemscope\" itemtype=\"https:\/\/schema.org\/ImageObject\"  ><div class='avia-image-container-inner'><div class='avia-image-overlay-wrap'><a href='https:\/\/altincagmakina.com.tr\/ar\/wp-content\/uploads\/2021\/04\/ak30.jpg' class='avia_image'  ><img decoding=\"async\" width=\"573\" height=\"800\" class='wp-image-4200 avia-img-lazy-loading-not-4200 avia_image' src=\"https:\/\/altincagmakina.com.tr\/ar\/wp-content\/uploads\/2021\/04\/ak30.jpg\" alt='' title='ak30'  itemprop=\"thumbnailUrl\" srcset=\"https:\/\/altincagmakina.com.tr\/ar\/wp-content\/uploads\/2021\/04\/ak30.jpg 573w, https:\/\/altincagmakina.com.tr\/ar\/wp-content\/uploads\/2021\/04\/ak30-215x300.jpg 215w, https:\/\/altincagmakina.com.tr\/ar\/wp-content\/uploads\/2021\/04\/ak30-505x705.jpg 505w\" sizes=\"(max-width: 573px) 100vw, 573px\" \/><\/a><\/div><\/div><\/div><\/div><div class=\"flex_column av_one_half  av-animated-generic bottom-to-top  flex_column_div av-zero-column-padding   avia-builder-el-3  el_after_av_one_half  avia-builder-el-last  \" style='border-radius:0px; '><p><div  id=\"urunbaslik\"  style='padding-bottom:10px; ' class='av-special-heading av-special-heading-h2  blockquote modern-quote  avia-builder-el-4  el_before_av_hr  avia-builder-el-first  urunbaslik '><h2 class='av-special-heading-tag '  itemprop=\"headline\"  >AK-30 Kahve Kavurma Makinas\u0131<\/h2><div class='special-heading-border'><div class='special-heading-inner-border' ><\/div><\/div><\/div><br \/>\n<div  style='height:25px' class='hr hr-invisible   avia-builder-el-5  el_after_av_heading  el_before_av_product_button '><span class='hr-inner ' ><span class='hr-inner-style'><\/span><\/span><\/div><br \/>\n<div class='av-woo-purchase-button  avia-builder-el-6  el_after_av_hr  el_before_av_hr '><p class=\"price\"><span class=\"woocommerce-Price-amount amount\"><bdi><span class=\"woocommerce-Price-currencySymbol\">TL<\/span>&nbsp;0,00<\/bdi><\/span><\/p><\/div><br \/>\n<div  style='height:25px' class='hr hr-invisible   avia-builder-el-7  el_after_av_product_button  el_before_av_textblock '><span class='hr-inner ' ><span class='hr-inner-style'><\/span><\/span><\/div><br \/>\n<section class=\"av_textblock_section \"  id=\"coffee\"  itemscope=\"itemscope\" itemtype=\"https:\/\/schema.org\/CreativeWork\" ><div class='avia_textblock coffee '   itemprop=\"text\" ><div><span  id=\"coffee\"  class=\"av_font_icon avia_animate_when_visible avia-icon-animate  av-icon-style- coffee avia-icon-pos-left \" style=\"color:#240000; border-color:#240000;\"><span class='av-icon-char' style='font-size:40px;line-height:40px;' aria-hidden='true' data-av_icon='coffee-beans-1' data-av_iconfont='coffebean' ><\/span><\/span><span  id=\"coffee\"  class=\"av_font_icon avia_animate_when_visible avia-icon-animate  av-icon-style- coffee avia-icon-pos-left \" style=\"color:#240000; border-color:#240000;\"><span class='av-icon-char' style='font-size:40px;line-height:40px;' aria-hidden='true' data-av_icon='\uf108' data-av_iconfont='coffebean' ><\/span><\/span><span  id=\"coffee\"  class=\"av_font_icon avia_animate_when_visible avia-icon-animate  av-icon-style- coffee avia-icon-pos-left \" style=\"color:#240000; border-color:#240000;\"><span class='av-icon-char' style='font-size:40px;line-height:40px;' aria-hidden='true' data-av_icon='\uf109' data-av_iconfont='coffebean' ><\/span><\/span><span  id=\"coffee\"  class=\"av_font_icon avia_animate_when_visible avia-icon-animate  av-icon-style- coffee avia-icon-pos-left \" style=\"color:#240000; border-color:#240000;\"><span class='av-icon-char' style='font-size:40px;line-height:40px;' aria-hidden='true' data-av_icon='\uf10a' data-av_iconfont='coffebean' ><\/span><\/span><\/div>\n<\/div><\/section><br \/>\n<div  style='height:50px' class='hr hr-invisible   avia-builder-el-13  el_after_av_textblock  el_before_av_product_meta '><span class='hr-inner ' ><span class='hr-inner-style'><\/span><\/span><\/div><br \/>\n<div class='product_meta  avia-builder-el-14  el_after_av_hr  avia-builder-el-last '><span class=\"sku_wrapper\">SKU:<span class=\"sku\"> AK10-1<\/span><\/span><span class=\"posted_in\">Category: <a href=\"https:\/\/altincagmakina.com.tr\/ar\/urun-kategori\/kahve-kavurma-makinesi\/\" rel=\"tag\">Kahve Kavurma Makinesi<\/a><\/span><\/div><\/p><\/div><\/div><\/div><\/main><!-- close content main element --><\/div><\/div><div id='av_section_2'  class='avia-section main_color avia-section-default avia-no-border-styling  avia-bg-style-scroll  avia-builder-el-15  el_after_av_section  el_before_av_section   container_wrap fullsize' style=' '  ><div class='container' ><div class='template-page content  av-content-full alpha units'><div class='post-entry post-entry-type-page post-entry-4199'><div class='entry-content-wrapper clearfix'>\n<div class=\"flex_column av_one_full  av-animated-generic bottom-to-top  flex_column_div av-zero-column-padding first  avia-builder-el-16  avia-builder-el-no-sibling  opsiyonel \" style='border-radius:0px; ' id=\"opsiyonel\" ><p><div class='avia-data-table-wrap avia_responsive_table'><table  class='avia-table avia-data-table avia-table-1  avia-builder-el-17  el_before_av_tab_container  avia-builder-el-first  avia_pricing_default '  itemscope=\"itemscope\" itemtype=\"https:\/\/schema.org\/Table\" ><tbody><tr class=''><td class=''>OPS\u0130YON L\u0130STES\u0130<\/td><td class=''>N\/A<\/td><td class=''>STANDART<\/td><td class=''>OPS\u0130YONEL<\/td><\/tr><tr class=''><td class=''>\u00c7\u0130FT KADEME TAMBUR<\/td><td class=''><\/td><td class=''><\/td><td class=''><img decoding=\"async\" src=\"http:\/\/altincagmakina.com\/wp-content\/uploads\/2021\/04\/icon-logo.jpg\" \/><\/td><\/tr><tr class=''><td class=''>KROM TAMBUR<\/td><td class=''><\/td><td class=''><\/td><td class=''><img decoding=\"async\" src=\"http:\/\/altincagmakina.com\/wp-content\/uploads\/2021\/04\/icon-logo.jpg\" \/><\/td><\/tr><tr class=''><td class=''>ARTISAN UYGUNLUK<\/td><td class=''><\/td><td class=''><img decoding=\"async\" src=\"http:\/\/altincagmakina.com\/wp-content\/uploads\/2021\/04\/icon-logo.jpg\" \/><\/td><td class=''><\/td><\/tr><tr class=''><td class=''>UST FAN HIZ KONTROL<\/td><td class=''><\/td><td class=''><img decoding=\"async\" src=\"http:\/\/altincagmakina.com\/wp-content\/uploads\/2021\/04\/icon-logo.jpg\" \/><\/td><td class=''><\/td><\/tr><tr class=''><td class=''>TAMBUR HIZ KONTROL<\/td><td class=''><\/td><td class=''><\/td><td class=''><img decoding=\"async\" src=\"http:\/\/altincagmakina.com\/wp-content\/uploads\/2021\/04\/icon-logo.jpg\" \/><\/td><\/tr><tr class=''><td class=''>EKSOZ SICAKLIK \u00d6L\u00c7ME<\/td><td class=''><\/td><td class=''><img decoding=\"async\" src=\"http:\/\/altincagmakina.com\/wp-content\/uploads\/2021\/04\/icon-logo.jpg\" \/><\/td><td class=''><\/td><\/tr><tr class=''><td class=''>MIXER SICAKLIK \u00d6L\u00c7ME<\/td><td class=''><\/td><td class=''><\/td><td class=''><img decoding=\"async\" src=\"http:\/\/altincagmakina.com\/wp-content\/uploads\/2021\/04\/icon-logo.jpg\" \/><\/td><\/tr><tr class=''><td class=''>MAL G\u0130R\u0130\u015e P\u0130STONU<\/td><td class=''><\/td><td class=''><\/td><td class=''><img decoding=\"async\" src=\"http:\/\/altincagmakina.com\/wp-content\/uploads\/2021\/04\/icon-logo.jpg\" \/><\/td><\/tr><tr class=''><td class=''>MAL \u00c7IKI\u015e P\u0130STONU<\/td><td class=''><\/td><td class=''><\/td><td class=''><img decoding=\"async\" src=\"http:\/\/altincagmakina.com\/wp-content\/uploads\/2021\/04\/icon-logo.jpg\" \/><\/td><\/tr><tr class=''><td class=''>M\u0130XER BO\u015eALTMA P\u0130STONU<\/td><td class=''><\/td><td class=''><\/td><td class=''><img decoding=\"async\" src=\"http:\/\/altincagmakina.com\/wp-content\/uploads\/2021\/04\/icon-logo.jpg\" \/><\/td><\/tr><tr class=''><td class=''>HAVA \u0130LE MAL BESLEME<\/td><td class=''><\/td><td class=''><\/td><td class=''><img decoding=\"async\" src=\"http:\/\/altincagmakina.com\/wp-content\/uploads\/2021\/04\/icon-logo.jpg\" \/><\/td><\/tr><tr class=''><td class=''>DOKUNMAT\u0130K EKRAN<\/td><td class=''><\/td><td class=''><\/td><td class=''><img decoding=\"async\" src=\"http:\/\/altincagmakina.com\/wp-content\/uploads\/2021\/04\/icon-logo.jpg\" \/><\/td><\/tr><tr class=''><td class=''>OTOMASYON<\/td><td class=''><\/td><td class=''><\/td><td class=''><img decoding=\"async\" src=\"http:\/\/altincagmakina.com\/wp-content\/uploads\/2021\/04\/icon-logo.jpg\" \/><\/td><\/tr><tr class=''><td class=''>DESTONER<\/td><td class=''><\/td><td class=''><\/td><td class=''><img decoding=\"async\" src=\"http:\/\/altincagmakina.com\/wp-content\/uploads\/2021\/04\/icon-logo.jpg\" \/><\/td><\/tr><tr class=''><td class=''>AFTER BURNER<\/td><td class=''><\/td><td class=''><\/td><td class=''><img decoding=\"async\" src=\"http:\/\/altincagmakina.com\/wp-content\/uploads\/2021\/04\/icon-logo.jpg\" \/><\/td><\/tr><\/tbody><\/table><\/div><style type='text\/css'><\/style><br \/>\n<div  id=\"sc_align_center\"  class=\"tabcontainer   top_tab   avia-builder-el-18  el_after_av_table  avia-builder-el-last  sc_align_center\" role=\"tablist\">\n\n<section class=\"av_tab_section\"  itemscope=\"itemscope\" itemtype=\"https:\/\/schema.org\/CreativeWork\" ><div aria-controls=\"tab-id-1-content\" role=\"tab\" tabindex=\"0\" data-fake-id=\"#tab-id-1\" class=\"tab active_tab\"  itemprop=\"headline\" >AK-30 Genel \u00d6zellikler<\/div>\n<div id=\"tab-id-1-content\" class=\"tab_content active_tab_content\" aria-hidden=\"false\">\n<div class=\"tab_inner_content invers-color\"  itemprop=\"text\" >\n<div class=\"sogutma\">DRUM CAPACITY 30 KG<\/div>\n<div class=\"saat\">ROASTING TIME 13-18 MIN<\/div>\n<div class=\"saat2\">CAPACITY PER HOUR 100-138 KG\/HOUR (GREEEN COFFEE)<\/div>\n<div class=\"isitma\">HEATING TYPE PREMIX\/HOT AIR<\/div>\n<div class=\"yakit\">FUEL TYPE NG\/LG<\/div>\n<div class=\"isitici\">HEATER POWER 40 KW MAX<\/div>\n<div class=\"motorgucu\">NUMBER OF ELECTRIC MOTOR 4<\/div>\n\n<\/div>\n<\/div>\n<\/section>\n\n<section class=\"av_tab_section\"  itemscope=\"itemscope\" itemtype=\"https:\/\/schema.org\/CreativeWork\" ><div aria-controls=\"tab-id-2-content\" role=\"tab\" tabindex=\"0\" data-fake-id=\"#tab-id-2\" class=\"tab \"  itemprop=\"headline\" >\u00d6l\u00e7\u00fcler ve A\u011f\u0131rl\u0131k<\/div>\n<div id=\"tab-id-2-content\" class=\"tab_content \" aria-hidden=\"true\">\n<div class=\"tab_inner_content invers-color\"  itemprop=\"text\" >\n<div class=\"yukseklik\">Y\u00fckseklik 2400 mm<\/div>\n<div class=\"genislik\">Geni\u015flik 930 mm<\/div>\n<div class=\"derinlik\">Derinlik 2300 mm<br \/>\n(DUST BIN NOT INCLUDED)<\/div>\n<div class=\"agirlik\">A\u011f\u0131rl\u0131k 340 KG<\/div>\n\n<\/div>\n<\/div>\n<\/section>\n\n<section class=\"av_tab_section\"  itemscope=\"itemscope\" itemtype=\"https:\/\/schema.org\/CreativeWork\" ><div aria-controls=\"tab-id-3-content\" role=\"tab\" tabindex=\"0\" data-fake-id=\"#tab-id-3\" class=\"tab \"  itemprop=\"headline\" >\u00dcr\u00fcn Video<\/div>\n<div id=\"tab-id-3-content\" class=\"tab_content \" aria-hidden=\"true\">\n<div class=\"tab_inner_content invers-color\"  itemprop=\"text\" >\n<p style=\"text-align: center;\"><iframe loading=\"lazy\" title=\"YouTube video player\" src=\"https:\/\/www.youtube.com\/embed\/0_Jy9Imr31g\" width=\"560\" height=\"315\" frameborder=\"0\" allowfullscreen=\"allowfullscreen\"><\/iframe><\/p>\n\n<\/div>\n<\/div>\n<\/section>\n\n<\/div>\n<\/p><\/div>\n<\/p>\n<\/div><\/div><\/div><!-- close content main div --><\/div><\/div><div id='av_section_3'  class='avia-section main_color avia-section-default avia-no-border-styling  avia-bg-style-scroll  avia-builder-el-19  el_after_av_section  avia-builder-el-last   container_wrap fullsize' style=' '  ><div class='container' ><div class='template-page content  av-content-full alpha units'><div class='post-entry post-entry-type-page post-entry-4199'><div class='entry-content-wrapper clearfix'>\n<div   data-autoplay=''  data-interval='5'  data-animation='fade'  data-hoverpause='1'  class='template-shop avia-content-slider avia-content-slider-active avia-product-slider1 avia-content-slider-even  avia-builder-el-20  avia-builder-el-no-sibling   shop_columns_4' ><div class='avia-content-slider-inner'><ul class=\"products slide-entry-wrap\"><li class=\"product type-product post-4195 status-publish first instock product_cat-kahve-kavurma-makinesi has-post-thumbnail shipping-taxable purchasable product-type-simple\">\n\t<div class='inner_product main_color wrapped_style noLightbox  av-product-class-no_button'><div class='thumbnail_container'><img loading=\"lazy\" decoding=\"async\" width=\"300\" height=\"375\" src=\"https:\/\/altincagmakina.com.tr\/ar\/wp-content\/uploads\/2021\/04\/ak10-kahve-kavurma-makinasi-300x375.jpg\" class=\"wp-image-4480 avia-img-lazy-loading-4480 attachment-woocommerce_thumbnail size-woocommerce_thumbnail wp-post-image\" alt=\"\" \/><span class='cart-loading'><\/span><\/div><div class='inner_product_header'><div class='avia-arrow'><\/div><div class='inner_product_header_table'><div class='inner_product_header_cell'><\/div><\/div><\/div><\/div><\/li>\n<li class=\"product type-product post-4198 status-publish instock product_cat-kahve-kavurma-makinesi has-post-thumbnail shipping-taxable purchasable product-type-simple\">\n\t<div class='inner_product main_color wrapped_style noLightbox  av-product-class-no_button'><div class='thumbnail_container'><img loading=\"lazy\" decoding=\"async\" width=\"300\" height=\"375\" src=\"https:\/\/altincagmakina.com.tr\/ar\/wp-content\/uploads\/2021\/04\/altincag-makina-kahve-kavurma-makinasi-2-300x375.jpg\" class=\"wp-image-4472 avia-img-lazy-loading-4472 attachment-woocommerce_thumbnail size-woocommerce_thumbnail wp-post-image\" alt=\"\" \/><span class='cart-loading'><\/span><\/div><div class='inner_product_header'><div class='avia-arrow'><\/div><div class='inner_product_header_table'><div class='inner_product_header_cell'><\/div><\/div><\/div><\/div><\/li>\n<li class=\"product type-product post-4203 status-publish instock product_cat-kahve-kavurma-makinesi shipping-taxable purchasable product-type-simple\">\n\t<div class='inner_product main_color wrapped_style noLightbox  av-product-class-no_button'><div class='thumbnail_container'><img decoding=\"async\" src=\"https:\/\/altincagmakina.com.tr\/ar\/wp-content\/uploads\/woocommerce-placeholder-300x375.png\" height=\"450\" width=\"450\" loading=\"lazy\" alt=\"Placeholder image\"><span class='cart-loading'><\/span><\/div><div class='inner_product_header'><div class='avia-arrow'><\/div><div class='inner_product_header_table'><div class='inner_product_header_cell'><\/div><\/div><\/div><\/div><\/li>\n<li class=\"product type-product post-4199 status-publish last instock product_cat-kahve-kavurma-makinesi has-post-thumbnail shipping-taxable purchasable product-type-simple\">\n\t<div class='inner_product main_color wrapped_style noLightbox  av-product-class-no_button'><div class='thumbnail_container'><img decoding=\"async\" width=\"300\" height=\"375\" src=\"https:\/\/altincagmakina.com.tr\/ar\/wp-content\/uploads\/2021\/04\/ak30-300x375.jpg\" class=\"wp-image-4200 avia-img-lazy-loading-not-4200 attachment-woocommerce_thumbnail size-woocommerce_thumbnail wp-post-image\" alt=\"\" \/><span class='cart-loading'><\/span><\/div><div class='inner_product_header'><div class='avia-arrow'><\/div><div class='inner_product_header_table'><div class='inner_product_header_cell'><\/div><\/div><\/div><\/div><\/li>\n<\/ul><ul class=\"products slide-entry-wrap\"><li class=\"product type-product post-4151 status-publish first instock product_cat-kahve-kavurma-makinesi has-post-thumbnail shipping-taxable purchasable product-type-simple\">\n\t<div class='inner_product main_color wrapped_style noLightbox  av-product-class-no_button'><div class='thumbnail_container'><img loading=\"lazy\" decoding=\"async\" width=\"300\" height=\"375\" src=\"https:\/\/altincagmakina.com.tr\/ar\/wp-content\/uploads\/2021\/04\/AK-5-Kahve-Kavurma-1-300x375.jpg\" class=\"wp-image-4377 avia-img-lazy-loading-4377 attachment-woocommerce_thumbnail size-woocommerce_thumbnail wp-post-image\" alt=\"\" \/><span class='cart-loading'><\/span><\/div><div class='inner_product_header'><div class='avia-arrow'><\/div><div class='inner_product_header_table'><div class='inner_product_header_cell'><\/div><\/div><\/div><\/div><\/li>\n<li class=\"product type-product post-4201 status-publish instock product_cat-kahve-kavurma-makinesi has-post-thumbnail shipping-taxable purchasable product-type-simple\">\n\t<div class='inner_product main_color wrapped_style noLightbox  av-product-class-no_button'><div class='thumbnail_container'><img loading=\"lazy\" decoding=\"async\" width=\"300\" height=\"375\" src=\"https:\/\/altincagmakina.com.tr\/ar\/wp-content\/uploads\/2021\/04\/ak60-300x375.jpg\" class=\"wp-image-4202 avia-img-lazy-loading-4202 attachment-woocommerce_thumbnail size-woocommerce_thumbnail wp-post-image\" alt=\"\" \/><span class='cart-loading'><\/span><\/div><div class='inner_product_header'><div class='avia-arrow'><\/div><div class='inner_product_header_table'><div class='inner_product_header_cell'><\/div><\/div><\/div><\/div><\/li>\n<\/ul><\/div><div class='avia-slideshow-arrows avia-slideshow-controls'><a href='#prev' class='prev-slide' aria-hidden='true' data-av_icon='\ue87c' data-av_iconfont='entypo-fontello'>\u00d6nceki<\/a><a href='#next' class='next-slide' aria-hidden='true' data-av_icon='\ue87d' data-av_iconfont='entypo-fontello'>Sonraki<\/a><\/div><\/div><div class=\"clear\"><\/div>\n\n","protected":false},"excerpt":{"rendered":"","protected":false},"featured_media":4200,"comment_status":"open","ping_status":"closed","template":"","meta":[],"class_list":["post-4199","product","type-product","status-publish","has-post-thumbnail","hentry","product_cat-kahve-kavurma-makinesi"],"yoast_head":"<!-- This site is optimized with the Yoast SEO plugin v16.3 - https:\/\/yoast.com\/wordpress\/plugins\/seo\/ -->\n<title>\u0645\u0627\u0643\u064a\u0646\u0629 \u062a\u062d\u0645\u064a\u0635 \u0627\u0644\u0642\u0647\u0648\u0629 \u0623\u064a \u0643\u0627 AK-30 - Alt\u0131n\u00e7a\u011f Makina<\/title>\n<meta name=\"robots\" content=\"index, follow, max-snippet:-1, max-image-preview:large, max-video-preview:-1\" \/>\n<link rel=\"canonical\" href=\"https:\/\/altincagmakina.com\/ar\/urun\/kahve-kavurma-makinasi-ak-30\/\" \/>\n<meta property=\"og:locale\" content=\"tr_TR\" \/>\n<meta property=\"og:type\" content=\"article\" \/>\n<meta property=\"og:title\" content=\"\u0645\u0627\u0643\u064a\u0646\u0629 \u062a\u062d\u0645\u064a\u0635 \u0627\u0644\u0642\u0647\u0648\u0629 \u0623\u064a \u0643\u0627 AK-30 - Alt\u0131n\u00e7a\u011f Makina\" \/>\n<meta property=\"og:url\" content=\"https:\/\/altincagmakina.com\/ar\/urun\/kahve-kavurma-makinasi-ak-30\/\" \/>\n<meta property=\"og:site_name\" content=\"Alt\u0131n\u00e7a\u011f Makina\" \/>\n<meta property=\"article:modified_time\" content=\"2021-12-27T12:52:39+00:00\" \/>\n<meta property=\"og:image\" content=\"https:\/\/altincagmakina.com\/ar\/wp-content\/uploads\/2021\/04\/ak30.jpg\" \/>\n\t<meta property=\"og:image:width\" content=\"573\" \/>\n\t<meta property=\"og:image:height\" content=\"800\" \/>\n<meta name=\"twitter:card\" content=\"summary_large_image\" \/>\n<meta name=\"twitter:label1\" content=\"Tahmini okuma s\u00fcresi\">\n\t<meta name=\"twitter:data1\" content=\"14 dakika\">\n<script type=\"application\/ld+json\" class=\"yoast-schema-graph\">{\"@context\":\"https:\/\/schema.org\",\"@graph\":[{\"@type\":\"WebSite\",\"@id\":\"https:\/\/altincagmakina.com\/#website\",\"url\":\"https:\/\/altincagmakina.com\/\",\"name\":\"Alt\\u0131n\\u00e7a\\u011f Makina\",\"description\":\"De\\u011firmenler, Su So\\u011futmal\\u0131 De\\u011firmen, Kavurma Makinesi, G\\u0131da Makineleri, Yard\\u0131mc\\u0131 Ekipmanlar, Aksesuarlar\",\"potentialAction\":[{\"@type\":\"SearchAction\",\"target\":\"https:\/\/altincagmakina.com\/?s={search_term_string}\",\"query-input\":\"required name=search_term_string\"}],\"inLanguage\":\"tr\"},{\"@type\":\"ImageObject\",\"@id\":\"https:\/\/altincagmakina.com\/ar\/urun\/kahve-kavurma-makinasi-ak-30\/#primaryimage\",\"inLanguage\":\"tr\",\"url\":\"https:\/\/altincagmakina.com.tr\/ar\/wp-content\/uploads\/2021\/04\/ak30.jpg\",\"contentUrl\":\"https:\/\/altincagmakina.com.tr\/ar\/wp-content\/uploads\/2021\/04\/ak30.jpg\",\"width\":573,\"height\":800},{\"@type\":\"WebPage\",\"@id\":\"https:\/\/altincagmakina.com\/ar\/urun\/kahve-kavurma-makinasi-ak-30\/#webpage\",\"url\":\"https:\/\/altincagmakina.com\/ar\/urun\/kahve-kavurma-makinasi-ak-30\/\",\"name\":\"\\u0645\\u0627\\u0643\\u064a\\u0646\\u0629 \\u062a\\u062d\\u0645\\u064a\\u0635 \\u0627\\u0644\\u0642\\u0647\\u0648\\u0629 \\u0623\\u064a \\u0643\\u0627 AK-30 - Alt\\u0131n\\u00e7a\\u011f Makina\",\"isPartOf\":{\"@id\":\"https:\/\/altincagmakina.com\/#website\"},\"primaryImageOfPage\":{\"@id\":\"https:\/\/altincagmakina.com\/ar\/urun\/kahve-kavurma-makinasi-ak-30\/#primaryimage\"},\"datePublished\":\"2021-04-28T07:46:31+00:00\",\"dateModified\":\"2021-12-27T12:52:39+00:00\",\"breadcrumb\":{\"@id\":\"https:\/\/altincagmakina.com\/ar\/urun\/kahve-kavurma-makinasi-ak-30\/#breadcrumb\"},\"inLanguage\":\"tr\",\"potentialAction\":[{\"@type\":\"ReadAction\",\"target\":[\"https:\/\/altincagmakina.com\/ar\/urun\/kahve-kavurma-makinasi-ak-30\/\"]}]},{\"@type\":\"BreadcrumbList\",\"@id\":\"https:\/\/altincagmakina.com\/ar\/urun\/kahve-kavurma-makinasi-ak-30\/#breadcrumb\",\"itemListElement\":[{\"@type\":\"ListItem\",\"position\":1,\"item\":{\"@type\":\"WebPage\",\"@id\":\"https:\/\/altincagmakina.com\/magaza\/\",\"url\":\"https:\/\/altincagmakina.com\/magaza\/\",\"name\":\"Ma\\u011faza\"}},{\"@type\":\"ListItem\",\"position\":2,\"item\":{\"@id\":\"https:\/\/altincagmakina.com\/ar\/urun\/kahve-kavurma-makinasi-ak-30\/#webpage\"}}]}]}<\/script>\n<!-- \/ Yoast SEO plugin. -->","_links":{"self":[{"href":"https:\/\/altincagmakina.com.tr\/ar\/wp-json\/wp\/v2\/product\/4199","targetHints":{"allow":["GET"]}}],"collection":[{"href":"https:\/\/altincagmakina.com.tr\/ar\/wp-json\/wp\/v2\/product"}],"about":[{"href":"https:\/\/altincagmakina.com.tr\/ar\/wp-json\/wp\/v2\/types\/product"}],"replies":[{"embeddable":true,"href":"https:\/\/altincagmakina.com.tr\/ar\/wp-json\/wp\/v2\/comments?post=4199"}],"wp:featuredmedia":[{"embeddable":true,"href":"https:\/\/altincagmakina.com.tr\/ar\/wp-json\/wp\/v2\/media\/4200"}],"wp:attachment":[{"href":"https:\/\/altincagmakina.com.tr\/ar\/wp-json\/wp\/v2\/media?parent=4199"}],"curies":[{"name":"wp","href":"https:\/\/api.w.org\/{rel}","templated":true}]}}