{"id":4142,"date":"2021-04-26T10:29:39","date_gmt":"2021-04-26T07:29:39","guid":{"rendered":"http:\/\/altincagmakina.com\/?post_type=product&#038;p=4142"},"modified":"2021-12-28T11:32:59","modified_gmt":"2021-12-28T08:32:59","slug":"kahve-degirmeni-d-30","status":"publish","type":"product","link":"https:\/\/altincagmakina.com.tr\/ar\/urun\/kahve-degirmeni-d-30\/","title":{"rendered":"\u0645\u0637\u062d\u0646\u0629 \u0642\u0647\u0648\u0629 <yuvarlak>D-30<\/yuvarlak>"},"content":{"rendered":"<div id='av_section_1'  class='avia-section main_color avia-section-large avia-no-border-styling  avia-bg-style-scroll  avia-builder-el-0  el_before_av_section  avia-builder-el-first   container_wrap fullsize' style=' '  ><div class='container' ><main  role=\"main\" itemprop=\"mainContentOfPage\"  class='template-page content  av-content-full alpha units'><div class='post-entry post-entry-type-page post-entry-4142'><div class='entry-content-wrapper clearfix'>\n<div class=\"flex_column av_one_half  av-animated-generic bottom-to-top  flex_column_div av-zero-column-padding first  avia-builder-el-1  el_before_av_one_half  avia-builder-el-first  \" style='border-radius:0px; '><div  class='avia-gallery  avia-gallery-1 avia_lazyload avia-gallery-animate avia_animate_when_visible  avia-builder-el-2  avia-builder-el-no-sibling '  itemprop=\"image\" itemscope=\"itemscope\" itemtype=\"https:\/\/schema.org\/ImageObject\" ><a class='avia-gallery-big fakeLightbox lightbox avia-gallery-big-crop-thumb ' href='https:\/\/altincagmakina.com.tr\/ar\/wp-content\/uploads\/2021\/04\/D30.jpg'  data-onclick='1' title='D30 Kahve De\u011firmeni' ><span class='avia-gallery-big-inner'  itemprop=\"thumbnailUrl\" ><img decoding=\"async\" class=\"wp-image-4143 avia-img-lazy-loading-not-4143\"  width=\"584\" height=\"800\" src=\"https:\/\/altincagmakina.com.tr\/ar\/wp-content\/uploads\/2021\/04\/D30.jpg\" title='D30 Kahve De\u011firmeni' alt='' srcset=\"https:\/\/altincagmakina.com.tr\/ar\/wp-content\/uploads\/2021\/04\/D30.jpg 584w, https:\/\/altincagmakina.com.tr\/ar\/wp-content\/uploads\/2021\/04\/D30-219x300.jpg 219w, https:\/\/altincagmakina.com.tr\/ar\/wp-content\/uploads\/2021\/04\/D30-515x705.jpg 515w\" sizes=\"(max-width: 584px) 100vw, 584px\" \/><\/span><\/a><div class='avia-gallery-thumb'> <a href='https:\/\/altincagmakina.com.tr\/ar\/wp-content\/uploads\/2021\/04\/D30.jpg' data-rel='gallery-1' data-prev-img='https:\/\/altincagmakina.com.tr\/ar\/wp-content\/uploads\/2021\/04\/D30.jpg' class='first_thumb lightbox ' data-onclick='1' title='D30 Kahve De\u011firmeni'  itemprop=\"thumbnailUrl\"  ><img decoding=\"async\" class=\"wp-image-4143 avia-img-lazy-loading-not-4143\"   src=\"https:\/\/altincagmakina.com.tr\/ar\/wp-content\/uploads\/2021\/04\/D30-495x400.jpg\" width=\"495\" height=\"400\"  title='D30 Kahve De\u011firmeni' alt='' \/><\/a> <a href='https:\/\/altincagmakina.com.tr\/ar\/wp-content\/uploads\/2021\/04\/20kg.jpg' data-rel='gallery-1' data-prev-img='https:\/\/altincagmakina.com.tr\/ar\/wp-content\/uploads\/2021\/04\/20kg.jpg' class='lightbox ' data-onclick='2' title='20kg'  itemprop=\"thumbnailUrl\"  ><img decoding=\"async\" class=\"wp-image-4419 avia-img-lazy-loading-not-4419\"   src=\"https:\/\/altincagmakina.com.tr\/ar\/wp-content\/uploads\/2021\/04\/20kg-495x400.jpg\" width=\"495\" height=\"400\"  title='20kg' alt='' \/><\/a><\/div><\/div><\/div><div class=\"flex_column av_one_half  av-animated-generic bottom-to-top  flex_column_div av-zero-column-padding   avia-builder-el-3  el_after_av_one_half  avia-builder-el-last  \" style='border-radius:0px; '><p><div  id=\"urunbaslik\"  style='padding-bottom:10px; ' class='av-special-heading av-special-heading-h2  blockquote modern-quote  avia-builder-el-4  el_before_av_hr  avia-builder-el-first  urunbaslik '><h2 class='av-special-heading-tag '  itemprop=\"headline\"  >D30 \u0645\u0637\u062d\u0646\u0629 \u0627\u0644\u0642\u0647\u0648\u0629\u062f\u064a<\/h2><div class='special-heading-border'><div class='special-heading-inner-border' ><\/div><\/div><\/div><br \/>\n<div  style='height:25px' class='hr hr-invisible   avia-builder-el-5  el_after_av_heading  el_before_av_product_button '><span class='hr-inner ' ><span class='hr-inner-style'><\/span><\/span><\/div><br \/>\n<div class='av-woo-purchase-button  avia-builder-el-6  el_after_av_hr  el_before_av_textblock '><p class=\"price\"><span class=\"woocommerce-Price-amount amount\"><bdi><span class=\"woocommerce-Price-currencySymbol\">TL<\/span>&nbsp;0,00<\/bdi><\/span><\/p><\/div><br \/>\n<section class=\"av_textblock_section \"  itemscope=\"itemscope\" itemtype=\"https:\/\/schema.org\/CreativeWork\" ><div class='avia_textblock  av_inherit_color '  style='font-size:16px; color:#310100; '  itemprop=\"text\" ><p><span style=\"font-weight: 400;\">\u0645\u0637\u062d\u0646\u0629 \u0627\u0644\u0642\u0647\u0648\u0629\u062f\u064a 30 \u0641\u064a \u062d\u064a\u0646 \u0623\u0646\u0647\u0627 \u0648\u0627\u062d\u062f\u0629 \u0645\u0646 \u0623\u0643\u062b\u0631 \u0622\u0644\u0627\u062a \u0637\u062d\u0646 \u0627\u0644\u0642\u0647\u0648\u0629 \u0641\u0639\u0627\u0644\u064a\u0629<br \/>\n\u0648\u0639\u0645\u0644\u064a\u0629 \u0648\u0627\u0644\u062a\u064a \u064a\u0633\u062a\u062e\u062f\u0645\u0647\u0627 \u0645\u0646\u062a\u062c\u0648 \u0627\u0644\u0642\u0647\u0648\u0629 \u0627\u0644\u0635\u0646\u0627\u0639\u064a\u0648\u0646 \u060c \u0625\u0644\u0627 \u0623\u0646\u0647\u0627 \u062a\u0639\u062f \u0648\u0627\u062d\u062f\u0629 \u0645\u0646 \u0623\u0646\u0633\u0628 \u0627\u0644\u062e\u064a\u0627\u0631\u0627\u062a \u0644\u0645\u0631\u0627\u0641\u0642 \u0625\u0646\u062a\u0627\u062c \u0627\u0644\u0642\u0647\u0648\u0629 \u0648\u0627\u0644\u0645\u0635\u0627\u0646\u0639 \u0627\u0644\u062a\u064a \u062a\u0642\u0648\u0645 \u0628\u0625\u0646\u062a\u0627\u062c \u0648\u0639\u0631\u0636 \u0627\u0644\u0642\u0647\u0648\u0629 \u0639\u0644\u0649 \u0646\u0637\u0627\u0642 \u0645\u062a\u0648\u0633\u0637 \u200b\u200b\u0648\u0643\u0628\u064a\u0631.<\/span><\/p>\n<\/div><\/section><br \/>\n<div  style='height:25px' class='hr hr-invisible   avia-builder-el-8  el_after_av_textblock  el_before_av_textblock '><span class='hr-inner ' ><span class='hr-inner-style'><\/span><\/span><\/div><br \/>\n<section class=\"av_textblock_section \"  id=\"coffee\"  itemscope=\"itemscope\" itemtype=\"https:\/\/schema.org\/CreativeWork\" ><div class='avia_textblock coffee '   itemprop=\"text\" ><div><span  id=\"coffee\"  class=\"av_font_icon avia_animate_when_visible avia-icon-animate  av-icon-style- coffee avia-icon-pos-left \" style=\"color:#240000; border-color:#240000;\"><span class='av-icon-char' style='font-size:40px;line-height:40px;' aria-hidden='true' data-av_icon='coffee-beans-1' data-av_iconfont='coffebean' ><\/span><\/span><span  id=\"coffee\"  class=\"av_font_icon avia_animate_when_visible avia-icon-animate  av-icon-style- coffee avia-icon-pos-left \" style=\"color:#240000; border-color:#240000;\"><span class='av-icon-char' style='font-size:40px;line-height:40px;' aria-hidden='true' data-av_icon='\uf108' data-av_iconfont='coffebean' ><\/span><\/span><span  id=\"coffee\"  class=\"av_font_icon avia_animate_when_visible avia-icon-animate  av-icon-style- coffee avia-icon-pos-left \" style=\"color:#240000; border-color:#240000;\"><span class='av-icon-char' style='font-size:40px;line-height:40px;' aria-hidden='true' data-av_icon='\uf109' data-av_iconfont='coffebean' ><\/span><\/span><span  id=\"coffee\"  class=\"av_font_icon avia_animate_when_visible avia-icon-animate  av-icon-style- coffee avia-icon-pos-left \" style=\"color:#240000; border-color:#240000;\"><span class='av-icon-char' style='font-size:40px;line-height:40px;' aria-hidden='true' data-av_icon='\uf10a' data-av_iconfont='coffebean' ><\/span><\/span><\/div>\n<\/div><\/section><br \/>\n<div  style='height:50px' class='hr hr-invisible   avia-builder-el-14  el_after_av_textblock  el_before_av_product_meta '><span class='hr-inner ' ><span class='hr-inner-style'><\/span><\/span><\/div><br \/>\n<div class='product_meta  avia-builder-el-15  el_after_av_hr  avia-builder-el-last '><span class=\"sku_wrapper\">SKU:<span class=\"sku\"> D30<\/span><\/span><span class=\"posted_in\">Category: <a href=\"https:\/\/altincagmakina.com.tr\/ar\/urun-kategori\/degirmenler\/\" rel=\"tag\">\u0627\u0644\u0645\u0637\u0627\u062d\u0646<\/a><\/span><\/div><\/p><\/div><\/div><\/div><\/main><!-- close content main element --><\/div><\/div><div id='av_section_2'  class='avia-section main_color avia-section-default avia-no-border-styling  avia-bg-style-scroll  avia-builder-el-16  el_after_av_section  el_before_av_section   container_wrap fullsize' style=' '  ><div class='container' ><div class='template-page content  av-content-full alpha units'><div class='post-entry post-entry-type-page post-entry-4142'><div class='entry-content-wrapper clearfix'>\n<div class=\"flex_column av_one_full  av-animated-generic bottom-to-top  flex_column_div av-zero-column-padding first  avia-builder-el-17  avia-builder-el-no-sibling  \" style='border-radius:0px; '><div  id=\"sc_align_center\"  class=\"tabcontainer   top_tab   avia-builder-el-18  avia-builder-el-no-sibling  sc_align_center\" role=\"tablist\">\n\n<section class=\"av_tab_section\"  itemscope=\"itemscope\" itemtype=\"https:\/\/schema.org\/CreativeWork\" ><div aria-controls=\"tab-id-1-content\" role=\"tab\" tabindex=\"0\" data-fake-id=\"#tab-id-1\" class=\"tab active_tab\"  itemprop=\"headline\" >\u0642\u062f\u0631\u0629 \u0627\u0644\u0637\u062d\u0646<\/div>\n<div id=\"tab-id-1-content\" class=\"tab_content active_tab_content\" aria-hidden=\"false\">\n<div class=\"tab_inner_content invers-color\"  itemprop=\"text\" >\n<div class=\"turkkahvesi\">\u0642\u0647\u0648\u0629 \u062a\u0631\u0643\u064a\u0629 150 \u0643\u062c\u0645 \/ \u0633\u0627\u0639\u0629<\/div>\n<div class=\"filtrekahve\">\u0642\u0647\u0648\u0629 \u0645\u0641\u0644\u062a\u0631\u0629 250 \u0643\u062c\u0645 \/ \u0633\u0627\u0639\u0629<\/div>\n<div class=\"silokapasitesi\">\u0633\u0639\u0629 \u0627\u0644\u0635\u0648\u0645\u0639\u0629 40 \u0643\u062c\u0645 (\u064a\u0645\u0643\u0646 \u062a\u063a\u064a\u064a\u0631\u0647\u0627 \u0627\u062e\u062a\u064a\u0627\u0631\u064a\u064b\u0627)<\/div>\n\n<\/div>\n<\/div>\n<\/section>\n\n<section class=\"av_tab_section\"  itemscope=\"itemscope\" itemtype=\"https:\/\/schema.org\/CreativeWork\" ><div aria-controls=\"tab-id-2-content\" role=\"tab\" tabindex=\"0\" data-fake-id=\"#tab-id-2\" class=\"tab \"  itemprop=\"headline\" >\u0627\u0644\u0623\u0628\u0639\u0627\u062f \u0648\u0627\u0644\u0648\u0632\u0646<\/div>\n<div id=\"tab-id-2-content\" class=\"tab_content \" aria-hidden=\"true\">\n<div class=\"tab_inner_content invers-color\"  itemprop=\"text\" >\n<div class=\"yukseklik\">\u0627\u0644\u0627\u0631\u062a\u0641\u0627\u0639 1700 \u0645\u0644\u0645<\/div>\n<div class=\"genislik\">\u0627\u0644\u0639\u0631\u0636 1000 \u0645\u0645<\/div>\n<div class=\"derinlik\">\u0627\u0644\u0639\u0645\u0642 1400 \u0645\u0645<\/div>\n<div class=\"agirlik\">\u0627\u0644\u0648\u0632\u0646 140 \u0643\u062c\u0645<\/div>\n\n<\/div>\n<\/div>\n<\/section>\n\n<section class=\"av_tab_section\"  itemscope=\"itemscope\" itemtype=\"https:\/\/schema.org\/CreativeWork\" ><div aria-controls=\"tab-id-3-content\" role=\"tab\" tabindex=\"0\" data-fake-id=\"#tab-id-3\" class=\"tab \"  itemprop=\"headline\" >\u0645\u0639\u0644\u0648\u0645\u0627\u062a \u062a\u0642\u0646\u064a\u0629<\/div>\n<div id=\"tab-id-3-content\" class=\"tab_content \" aria-hidden=\"true\">\n<div class=\"tab_inner_content invers-color\"  itemprop=\"text\" >\n<div class=\"motorgucu\">\u0642\u0648\u0629 \u0627\u0644\u0645\u062d\u0631\u0643 11 \u0643\u064a\u0644\u0648 \u0648\u0627\u0637<\/div>\n<div class=\"diskcapi\">\u0642\u0637\u0631 \u0627\u0644\u0642\u0631\u0635 300 \u0645\u0645<\/div>\n<div class=\"diskmalzemesi\">\u0645\u0627\u062f\u0629 \u0627\u0644\u0642\u0631\u0635 4140 ALLOY STEEL<\/div>\n<div class=\"sertlik\">\u0635\u0644\u0627\u0628\u0629 52-55 \u0631\u0648\u0643\u0648\u064a\u0644<\/div>\n\n<\/div>\n<\/div>\n<\/section>\n\n<section class=\"av_tab_section\"  itemscope=\"itemscope\" itemtype=\"https:\/\/schema.org\/CreativeWork\" ><div aria-controls=\"tab-id-4-content\" role=\"tab\" tabindex=\"0\" data-fake-id=\"#tab-id-4\" class=\"tab \"  itemprop=\"headline\" >\u0641\u064a\u062f\u064a\u0648 \u0627\u0644\u0645\u0646\u062a\u062c<\/div>\n<div id=\"tab-id-4-content\" class=\"tab_content \" aria-hidden=\"true\">\n<div class=\"tab_inner_content invers-color\"  itemprop=\"text\" >\n<p style=\"text-align: center;\"><iframe loading=\"lazy\" title=\"YouTube video player\" src=\"https:\/\/www.youtube.com\/embed\/0_Jy9Imr31g\" width=\"560\" height=\"315\" frameborder=\"0\" allowfullscreen=\"allowfullscreen\"><\/iframe><\/p>\n\n<\/div>\n<\/div>\n<\/section>\n\n<\/div><\/div><\/div><\/div><\/div><!-- close content main div --><\/div><\/div><div id='av_section_3'  class='avia-section main_color avia-section-default avia-no-border-styling  avia-bg-style-scroll  avia-builder-el-19  el_after_av_section  avia-builder-el-last   container_wrap fullsize' style=' '  ><div class='container' ><div class='template-page content  av-content-full alpha units'><div class='post-entry post-entry-type-page post-entry-4142'><div class='entry-content-wrapper clearfix'>\n<div   data-autoplay=''  data-interval='5'  data-animation='fade'  data-hoverpause='1'  class='template-shop avia-content-slider avia-content-slider-active avia-product-slider1 avia-content-slider-even  avia-builder-el-20  avia-builder-el-no-sibling   shop_columns_4' ><div class='avia-content-slider-inner'><ul class=\"products slide-entry-wrap\"><li class=\"product type-product post-4134 status-publish first instock product_cat-degirmenler has-post-thumbnail shipping-taxable purchasable product-type-simple\">\n\t<div class='inner_product main_color wrapped_style noLightbox  av-product-class-no_button'><div class='thumbnail_container'><img loading=\"lazy\" decoding=\"async\" width=\"300\" height=\"375\" src=\"https:\/\/altincagmakina.com.tr\/ar\/wp-content\/uploads\/2021\/04\/D10B-300x375.jpg\" class=\"wp-image-4135 avia-img-lazy-loading-4135 attachment-woocommerce_thumbnail size-woocommerce_thumbnail wp-post-image\" alt=\"\" \/><span class='cart-loading'><\/span><\/div><div class='inner_product_header'><div class='avia-arrow'><\/div><div class='inner_product_header_table'><div class='inner_product_header_cell'><\/div><\/div><\/div><\/div><\/li>\n<li class=\"product type-product post-4137 status-publish instock product_cat-degirmenler has-post-thumbnail shipping-taxable purchasable product-type-simple\">\n\t<div class='inner_product main_color wrapped_style noLightbox  av-product-class-no_button'><div class='thumbnail_container'><img loading=\"lazy\" decoding=\"async\" width=\"300\" height=\"375\" src=\"https:\/\/altincagmakina.com.tr\/ar\/wp-content\/uploads\/2021\/04\/d15-300x375.jpg\" class=\"wp-image-4138 avia-img-lazy-loading-4138 attachment-woocommerce_thumbnail size-woocommerce_thumbnail wp-post-image\" alt=\"\" \/><span class='cart-loading'><\/span><\/div><div class='inner_product_header'><div class='avia-arrow'><\/div><div class='inner_product_header_table'><div class='inner_product_header_cell'><\/div><\/div><\/div><\/div><\/li>\n<li class=\"product type-product post-4140 status-publish instock product_cat-degirmenler has-post-thumbnail shipping-taxable purchasable product-type-simple\">\n\t<div class='inner_product main_color wrapped_style noLightbox  av-product-class-no_button'><div class='thumbnail_container'><img loading=\"lazy\" decoding=\"async\" width=\"300\" height=\"375\" src=\"https:\/\/altincagmakina.com.tr\/ar\/wp-content\/uploads\/2021\/04\/d20-300x375.jpg\" class=\"wp-image-4141 avia-img-lazy-loading-4141 attachment-woocommerce_thumbnail size-woocommerce_thumbnail wp-post-image\" alt=\"\" \/><span class='cart-loading'><\/span><\/div><div class='inner_product_header'><div class='avia-arrow'><\/div><div class='inner_product_header_table'><div class='inner_product_header_cell'><\/div><\/div><\/div><\/div><\/li>\n<li class=\"product type-product post-4142 status-publish last instock product_cat-degirmenler has-post-thumbnail shipping-taxable purchasable product-type-simple\">\n\t<div class='inner_product main_color wrapped_style noLightbox  av-product-class-no_button'><div class='thumbnail_container'><img decoding=\"async\" width=\"300\" height=\"375\" src=\"https:\/\/altincagmakina.com.tr\/ar\/wp-content\/uploads\/2021\/04\/D30-300x375.jpg\" class=\"wp-image-4143 avia-img-lazy-loading-not-4143 attachment-woocommerce_thumbnail size-woocommerce_thumbnail wp-post-image\" alt=\"\" \/><span class='cart-loading'><\/span><\/div><div class='inner_product_header'><div class='avia-arrow'><\/div><div class='inner_product_header_table'><div class='inner_product_header_cell'><\/div><\/div><\/div><\/div><\/li>\n<\/ul><ul class=\"products slide-entry-wrap\"><li class=\"product type-product post-4003 status-publish first instock product_cat-degirmenler has-post-thumbnail shipping-taxable purchasable product-type-simple\">\n\t<div class='inner_product main_color wrapped_style noLightbox  av-product-class-no_button'><div class='thumbnail_container'><img loading=\"lazy\" decoding=\"async\" width=\"300\" height=\"375\" src=\"https:\/\/altincagmakina.com.tr\/ar\/wp-content\/uploads\/2021\/03\/d7-degirmen-300x375.png\" class=\"wp-image-4006 avia-img-lazy-loading-4006 attachment-woocommerce_thumbnail size-woocommerce_thumbnail wp-post-image\" alt=\"\" \/><span class='cart-loading'><\/span><\/div><div class='inner_product_header'><div class='avia-arrow'><\/div><div class='inner_product_header_table'><div class='inner_product_header_cell'><\/div><\/div><\/div><\/div><\/li>\n<\/ul><\/div><div class='avia-slideshow-arrows avia-slideshow-controls'><a href='#prev' class='prev-slide' aria-hidden='true' data-av_icon='\ue87c' data-av_iconfont='entypo-fontello'>\u00d6nceki<\/a><a href='#next' class='next-slide' aria-hidden='true' data-av_icon='\ue87d' data-av_iconfont='entypo-fontello'>Sonraki<\/a><\/div><\/div><div class=\"clear\"><\/div>\n<\/p>\n","protected":false},"excerpt":{"rendered":"","protected":false},"featured_media":4143,"comment_status":"open","ping_status":"closed","template":"","meta":[],"class_list":["post-4142","product","type-product","status-publish","has-post-thumbnail","hentry","product_cat-degirmenler"],"yoast_head":"<!-- This site is optimized with the Yoast SEO plugin v16.3 - https:\/\/yoast.com\/wordpress\/plugins\/seo\/ -->\n<title>\u0645\u0637\u062d\u0646\u0629 \u0642\u0647\u0648\u0629 D-30 - Alt\u0131n\u00e7a\u011f Makina<\/title>\n<meta name=\"description\" content=\"D-30 Kahve De\u011firmeni; end\u00fcstriyel kahve \u00fcreticilerinin en \u00e7ok kulland\u0131\u011f\u0131 en etkili ve pratik kahve \u00f6\u011f\u00fctme makinelerinden olmakla beraber, orta ve b\u00fcy\u00fck \u00f6l\u00e7ekli kahve \u00fcretimi ve sunumu ger\u00e7ekle\u015ftiren kahve \u00fcretim tesisleri ve fabrikalar\u0131 i\u00e7in en uygun tercihlerden biridir.\" \/>\n<meta name=\"robots\" content=\"index, follow, max-snippet:-1, max-image-preview:large, max-video-preview:-1\" \/>\n<link rel=\"canonical\" href=\"https:\/\/altincagmakina.com\/ar\/urun\/kahve-degirmeni-d-30\/\" \/>\n<meta property=\"og:locale\" content=\"tr_TR\" \/>\n<meta property=\"og:type\" content=\"article\" \/>\n<meta property=\"og:title\" content=\"\u0645\u0637\u062d\u0646\u0629 \u0642\u0647\u0648\u0629 D-30 - Alt\u0131n\u00e7a\u011f Makina\" \/>\n<meta property=\"og:description\" content=\"D-30 Kahve De\u011firmeni; end\u00fcstriyel kahve \u00fcreticilerinin en \u00e7ok kulland\u0131\u011f\u0131 en etkili ve pratik kahve \u00f6\u011f\u00fctme makinelerinden olmakla beraber, orta ve b\u00fcy\u00fck \u00f6l\u00e7ekli kahve \u00fcretimi ve sunumu ger\u00e7ekle\u015ftiren kahve \u00fcretim tesisleri ve fabrikalar\u0131 i\u00e7in en uygun tercihlerden biridir.\" \/>\n<meta property=\"og:url\" content=\"https:\/\/altincagmakina.com\/ar\/urun\/kahve-degirmeni-d-30\/\" \/>\n<meta property=\"og:site_name\" content=\"Alt\u0131n\u00e7a\u011f Makina\" \/>\n<meta property=\"article:modified_time\" content=\"2021-12-28T08:32:59+00:00\" \/>\n<meta property=\"og:image\" content=\"https:\/\/altincagmakina.com\/ar\/wp-content\/uploads\/2021\/04\/D30.jpg\" \/>\n\t<meta property=\"og:image:width\" content=\"584\" \/>\n\t<meta property=\"og:image:height\" content=\"800\" \/>\n<meta name=\"twitter:card\" content=\"summary_large_image\" \/>\n<meta name=\"twitter:label1\" content=\"Tahmini okuma s\u00fcresi\">\n\t<meta name=\"twitter:data1\" content=\"8 dakika\">\n<script type=\"application\/ld+json\" class=\"yoast-schema-graph\">{\"@context\":\"https:\/\/schema.org\",\"@graph\":[{\"@type\":\"WebSite\",\"@id\":\"https:\/\/altincagmakina.com\/#website\",\"url\":\"https:\/\/altincagmakina.com\/\",\"name\":\"Alt\\u0131n\\u00e7a\\u011f Makina\",\"description\":\"De\\u011firmenler, Su So\\u011futmal\\u0131 De\\u011firmen, Kavurma Makinesi, G\\u0131da Makineleri, Yard\\u0131mc\\u0131 Ekipmanlar, Aksesuarlar\",\"potentialAction\":[{\"@type\":\"SearchAction\",\"target\":\"https:\/\/altincagmakina.com\/?s={search_term_string}\",\"query-input\":\"required name=search_term_string\"}],\"inLanguage\":\"tr\"},{\"@type\":\"ImageObject\",\"@id\":\"https:\/\/altincagmakina.com\/ar\/urun\/kahve-degirmeni-d-30\/#primaryimage\",\"inLanguage\":\"tr\",\"url\":\"https:\/\/altincagmakina.com.tr\/ar\/wp-content\/uploads\/2021\/04\/D30.jpg\",\"contentUrl\":\"https:\/\/altincagmakina.com.tr\/ar\/wp-content\/uploads\/2021\/04\/D30.jpg\",\"width\":584,\"height\":800},{\"@type\":\"WebPage\",\"@id\":\"https:\/\/altincagmakina.com\/ar\/urun\/kahve-degirmeni-d-30\/#webpage\",\"url\":\"https:\/\/altincagmakina.com\/ar\/urun\/kahve-degirmeni-d-30\/\",\"name\":\"\\u0645\\u0637\\u062d\\u0646\\u0629 \\u0642\\u0647\\u0648\\u0629 D-30 - Alt\\u0131n\\u00e7a\\u011f Makina\",\"isPartOf\":{\"@id\":\"https:\/\/altincagmakina.com\/#website\"},\"primaryImageOfPage\":{\"@id\":\"https:\/\/altincagmakina.com\/ar\/urun\/kahve-degirmeni-d-30\/#primaryimage\"},\"datePublished\":\"2021-04-26T07:29:39+00:00\",\"dateModified\":\"2021-12-28T08:32:59+00:00\",\"description\":\"D-30 Kahve De\\u011firmeni; end\\u00fcstriyel kahve \\u00fcreticilerinin en \\u00e7ok kulland\\u0131\\u011f\\u0131 en etkili ve pratik kahve \\u00f6\\u011f\\u00fctme makinelerinden olmakla beraber, orta ve b\\u00fcy\\u00fck \\u00f6l\\u00e7ekli kahve \\u00fcretimi ve sunumu ger\\u00e7ekle\\u015ftiren kahve \\u00fcretim tesisleri ve fabrikalar\\u0131 i\\u00e7in en uygun tercihlerden biridir.\",\"breadcrumb\":{\"@id\":\"https:\/\/altincagmakina.com\/ar\/urun\/kahve-degirmeni-d-30\/#breadcrumb\"},\"inLanguage\":\"tr\",\"potentialAction\":[{\"@type\":\"ReadAction\",\"target\":[\"https:\/\/altincagmakina.com\/ar\/urun\/kahve-degirmeni-d-30\/\"]}]},{\"@type\":\"BreadcrumbList\",\"@id\":\"https:\/\/altincagmakina.com\/ar\/urun\/kahve-degirmeni-d-30\/#breadcrumb\",\"itemListElement\":[{\"@type\":\"ListItem\",\"position\":1,\"item\":{\"@type\":\"WebPage\",\"@id\":\"https:\/\/altincagmakina.com\/magaza\/\",\"url\":\"https:\/\/altincagmakina.com\/magaza\/\",\"name\":\"Ma\\u011faza\"}},{\"@type\":\"ListItem\",\"position\":2,\"item\":{\"@id\":\"https:\/\/altincagmakina.com\/ar\/urun\/kahve-degirmeni-d-30\/#webpage\"}}]}]}<\/script>\n<!-- \/ Yoast SEO plugin. -->","_links":{"self":[{"href":"https:\/\/altincagmakina.com.tr\/ar\/wp-json\/wp\/v2\/product\/4142","targetHints":{"allow":["GET"]}}],"collection":[{"href":"https:\/\/altincagmakina.com.tr\/ar\/wp-json\/wp\/v2\/product"}],"about":[{"href":"https:\/\/altincagmakina.com.tr\/ar\/wp-json\/wp\/v2\/types\/product"}],"replies":[{"embeddable":true,"href":"https:\/\/altincagmakina.com.tr\/ar\/wp-json\/wp\/v2\/comments?post=4142"}],"wp:featuredmedia":[{"embeddable":true,"href":"https:\/\/altincagmakina.com.tr\/ar\/wp-json\/wp\/v2\/media\/4143"}],"wp:attachment":[{"href":"https:\/\/altincagmakina.com.tr\/ar\/wp-json\/wp\/v2\/media?parent=4142"}],"curies":[{"name":"wp","href":"https:\/\/api.w.org\/{rel}","templated":true}]}}