{"id":4382,"date":"2021-05-26T10:21:13","date_gmt":"2021-05-26T07:21:13","guid":{"rendered":"https:\/\/altincagmakina.com.tr\/ar\/?page_id=4382"},"modified":"2021-12-28T10:06:21","modified_gmt":"2021-12-28T07:06:21","slug":"referanslar","status":"publish","type":"page","link":"https:\/\/altincagmakina.com.tr\/ar\/referanslar\/","title":{"rendered":"\u0645\u0631\u0627\u062c\u0639"},"content":{"rendered":"<div id='av_section_1'  class='avia-section main_color avia-section-default avia-no-border-styling  avia-bg-style-scroll  avia-builder-el-0  avia-builder-el-no-sibling   container_wrap fullsize' style=' '  ><div class='container' ><main  role=\"main\" itemprop=\"mainContentOfPage\"  class='template-page content  av-content-full alpha units'><div class='post-entry post-entry-type-page post-entry-4382'><div class='entry-content-wrapper clearfix'>\n<div  id=\"urunbaslik\"  style='padding-bottom:10px; color:#240000;' class='av-special-heading av-special-heading-h1 custom-color-heading blockquote modern-quote modern-centered  avia-builder-el-1  el_before_av_one_full  avia-builder-el-first  urunbaslik '><h1 class='av-special-heading-tag '  itemprop=\"headline\"  >Referanslar<\/h1><div class='special-heading-border'><div class='special-heading-inner-border' style='border-color:#240000'><\/div><\/div><\/div>\n<div class=\"flex_column av_one_full  flex_column_div av-zero-column-padding first  avia-builder-el-2  el_after_av_heading  avia-builder-el-last  grayscale \" style='border-radius:0px; '><div   data-autoplay='false'  data-interval='5'  data-animation='slide'  class='avia-logo-element-container av-border-deactivate avia-logo-grid avia-content-slider avia-smallarrow-slider avia-content-grid-active noHover avia-content-slider1 avia-content-slider-odd  avia-builder-el-3  avia-builder-el-no-sibling  grayscale ' ><div class='avia-smallarrow-slider-heading  no-logo-slider-heading '><div class='new-special-heading'>&nbsp;<\/div><\/div><div class='avia-content-slider-inner'><div class='slide-entry-wrap' ><div  class='slide-entry flex_column no_margin post-entry slide-entry-overview slide-loop-1 slide-parity-odd  av_one_seventh first real-thumbnail'><span class='av-partner-fake-img' style='padding-bottom:59.217877094972%; background-image:url(https:\/\/altincagmakina.com.tr\/ar\/wp-content\/uploads\/2021\/05\/bernardo.jpg);'><\/span><\/div><div  class='slide-entry flex_column no_margin post-entry slide-entry-overview slide-loop-2 slide-parity-even  av_one_seventh  real-thumbnail'><span class='av-partner-fake-img' style='padding-bottom:59.217877094972%; background-image:url(https:\/\/altincagmakina.com.tr\/ar\/wp-content\/uploads\/2021\/05\/yemen-kahvesi.jpg);'><\/span><\/div><div  class='slide-entry flex_column no_margin post-entry slide-entry-overview slide-loop-3 slide-parity-odd  av_one_seventh  real-thumbnail'><span class='av-partner-fake-img' style='padding-bottom:59.217877094972%; background-image:url(https:\/\/altincagmakina.com.tr\/ar\/wp-content\/uploads\/2021\/05\/senoz-coffee.jpg);'><\/span><\/div><div  class='slide-entry flex_column no_margin post-entry slide-entry-overview slide-loop-4 slide-parity-even  av_one_seventh  real-thumbnail'><span class='av-partner-fake-img' style='padding-bottom:59.217877094972%; background-image:url(https:\/\/altincagmakina.com.tr\/ar\/wp-content\/uploads\/2021\/05\/russky.jpg);'><\/span><\/div><div  class='slide-entry flex_column no_margin post-entry slide-entry-overview slide-loop-5 slide-parity-odd  av_one_seventh  real-thumbnail'><span class='av-partner-fake-img' style='padding-bottom:59.217877094972%; background-image:url(https:\/\/altincagmakina.com.tr\/ar\/wp-content\/uploads\/2021\/05\/pablo.jpg);'><\/span><\/div><div  class='slide-entry flex_column no_margin post-entry slide-entry-overview slide-loop-6 slide-parity-even  av_one_seventh  real-thumbnail'><span class='av-partner-fake-img' style='padding-bottom:59.217877094972%; background-image:url(https:\/\/altincagmakina.com.tr\/ar\/wp-content\/uploads\/2021\/05\/olabi.jpg);'><\/span><\/div><div  class='slide-entry flex_column no_margin post-entry slide-entry-overview slide-loop-7 slide-parity-odd  av_one_seventh  real-thumbnail'><span class='av-partner-fake-img' style='padding-bottom:59.217877094972%; background-image:url(https:\/\/altincagmakina.com.tr\/ar\/wp-content\/uploads\/2021\/05\/kokel-kuru-kahve.jpg);'><\/span><\/div><\/div><div class='slide-entry-wrap' ><div  class='slide-entry flex_column no_margin post-entry slide-entry-overview slide-loop-8 slide-parity-odd  av_one_seventh first real-thumbnail'><span class='av-partner-fake-img' style='padding-bottom:59.217877094972%; background-image:url(https:\/\/altincagmakina.com.tr\/ar\/wp-content\/uploads\/2021\/05\/kocatepe-kahve-evi.jpg);'><\/span><\/div><div  class='slide-entry flex_column no_margin post-entry slide-entry-overview slide-loop-9 slide-parity-even  av_one_seventh  real-thumbnail'><span class='av-partner-fake-img' style='padding-bottom:59.217877094972%; background-image:url(https:\/\/altincagmakina.com.tr\/ar\/wp-content\/uploads\/2021\/05\/kahve-deposu.jpg);'><\/span><\/div><div  class='slide-entry flex_column no_margin post-entry slide-entry-overview slide-loop-10 slide-parity-odd  av_one_seventh  real-thumbnail'><span class='av-partner-fake-img' style='padding-bottom:59.217877094972%; background-image:url(https:\/\/altincagmakina.com.tr\/ar\/wp-content\/uploads\/2021\/05\/kuru-kahveci-haci-burhan-efendi.jpg);'><\/span><\/div><div  class='slide-entry flex_column no_margin post-entry slide-entry-overview slide-loop-11 slide-parity-even  av_one_seventh  real-thumbnail'><span class='av-partner-fake-img' style='padding-bottom:59.217877094972%; background-image:url(https:\/\/altincagmakina.com.tr\/ar\/wp-content\/uploads\/2021\/05\/coffee-efsane.jpg);'><\/span><\/div><div  class='slide-entry flex_column no_margin post-entry slide-entry-overview slide-loop-12 slide-parity-odd  av_one_seventh  real-thumbnail'><span class='av-partner-fake-img' style='padding-bottom:59.217877094972%; background-image:url(https:\/\/altincagmakina.com.tr\/ar\/wp-content\/uploads\/2021\/05\/5-dk-miss-cherry.jpg);'><\/span><\/div><div  class='slide-entry flex_column no_margin post-entry slide-entry-overview slide-loop-13 slide-parity-even  av_one_seventh  real-thumbnail'><span class='av-partner-fake-img' style='padding-bottom:59.217877094972%; background-image:url(https:\/\/altincagmakina.com.tr\/ar\/wp-content\/uploads\/2021\/05\/billur-kuru-kahve.jpg);'><\/span><\/div><div  class='slide-entry flex_column no_margin post-entry slide-entry-overview slide-loop-14 slide-parity-odd  av_one_seventh  real-thumbnail'><span class='av-partner-fake-img' style='padding-bottom:59.217877094972%; background-image:url(https:\/\/altincagmakina.com.tr\/ar\/wp-content\/uploads\/2021\/05\/pars-bitki-caylari.jpg);'><\/span><\/div><\/div><div class='slide-entry-wrap' ><div  class='slide-entry flex_column no_margin post-entry slide-entry-overview slide-loop-15 slide-parity-odd  av_one_seventh first real-thumbnail'><span class='av-partner-fake-img' style='padding-bottom:59.217877094972%; background-image:url(https:\/\/altincagmakina.com.tr\/ar\/wp-content\/uploads\/2021\/05\/alisanoglu.jpg);'><\/span><\/div><div  class='slide-entry flex_column no_margin post-entry slide-entry-overview slide-loop-16 slide-parity-even  av_one_seventh  real-thumbnail'><span class='av-partner-fake-img' style='padding-bottom:59.217877094972%; background-image:url(https:\/\/altincagmakina.com.tr\/ar\/wp-content\/uploads\/2021\/05\/3cores-roastery.jpg);'><\/span><\/div><div  class='slide-entry flex_column no_margin post-entry slide-entry-overview slide-loop-17 slide-parity-odd  post-entry-last  av_one_seventh  real-thumbnail'><span class='av-partner-fake-img' style='padding-bottom:59.217877094972%; background-image:url(https:\/\/altincagmakina.com.tr\/ar\/wp-content\/uploads\/2021\/05\/sweet-heaven.jpg);'><\/span><\/div><\/div><\/div><\/div><\/div>\n","protected":false},"excerpt":{"rendered":"","protected":false},"author":1,"featured_media":0,"parent":0,"menu_order":0,"comment_status":"closed","ping_status":"closed","template":"","meta":{"footnotes":""},"class_list":["post-4382","page","type-page","status-publish","hentry"],"yoast_head":"<!-- This site is optimized with the Yoast SEO plugin v16.3 - https:\/\/yoast.com\/wordpress\/plugins\/seo\/ -->\n<title>\u0645\u0631\u0627\u062c\u0639 - Alt\u0131n\u00e7a\u011f Makina<\/title>\n<meta name=\"robots\" content=\"index, follow, max-snippet:-1, max-image-preview:large, max-video-preview:-1\" \/>\n<link rel=\"canonical\" href=\"https:\/\/altincagmakina.com\/ar\/referanslar\/\" \/>\n<meta property=\"og:locale\" content=\"tr_TR\" \/>\n<meta property=\"og:type\" content=\"article\" \/>\n<meta property=\"og:title\" content=\"\u0645\u0631\u0627\u062c\u0639 - Alt\u0131n\u00e7a\u011f Makina\" \/>\n<meta property=\"og:url\" content=\"https:\/\/altincagmakina.com\/ar\/referanslar\/\" \/>\n<meta property=\"og:site_name\" content=\"Alt\u0131n\u00e7a\u011f Makina\" \/>\n<meta property=\"article:modified_time\" content=\"2021-12-28T07:06:21+00:00\" \/>\n<meta name=\"twitter:card\" content=\"summary_large_image\" \/>\n<script type=\"application\/ld+json\" class=\"yoast-schema-graph\">{\"@context\":\"https:\/\/schema.org\",\"@graph\":[{\"@type\":\"WebSite\",\"@id\":\"https:\/\/altincagmakina.com\/#website\",\"url\":\"https:\/\/altincagmakina.com\/\",\"name\":\"Alt\\u0131n\\u00e7a\\u011f Makina\",\"description\":\"De\\u011firmenler, Su So\\u011futmal\\u0131 De\\u011firmen, Kavurma Makinesi, G\\u0131da Makineleri, Yard\\u0131mc\\u0131 Ekipmanlar, Aksesuarlar\",\"potentialAction\":[{\"@type\":\"SearchAction\",\"target\":\"https:\/\/altincagmakina.com\/?s={search_term_string}\",\"query-input\":\"required name=search_term_string\"}],\"inLanguage\":\"tr\"},{\"@type\":\"WebPage\",\"@id\":\"https:\/\/altincagmakina.com\/ar\/referanslar\/#webpage\",\"url\":\"https:\/\/altincagmakina.com\/ar\/referanslar\/\",\"name\":\"\\u0645\\u0631\\u0627\\u062c\\u0639 - Alt\\u0131n\\u00e7a\\u011f Makina\",\"isPartOf\":{\"@id\":\"https:\/\/altincagmakina.com\/#website\"},\"datePublished\":\"2021-05-26T07:21:13+00:00\",\"dateModified\":\"2021-12-28T07:06:21+00:00\",\"breadcrumb\":{\"@id\":\"https:\/\/altincagmakina.com\/ar\/referanslar\/#breadcrumb\"},\"inLanguage\":\"tr\",\"potentialAction\":[{\"@type\":\"ReadAction\",\"target\":[\"https:\/\/altincagmakina.com\/ar\/referanslar\/\"]}]},{\"@type\":\"BreadcrumbList\",\"@id\":\"https:\/\/altincagmakina.com\/ar\/referanslar\/#breadcrumb\",\"itemListElement\":[{\"@type\":\"ListItem\",\"position\":1,\"item\":{\"@id\":\"https:\/\/altincagmakina.com\/ar\/referanslar\/#webpage\"}}]}]}<\/script>\n<!-- \/ Yoast SEO plugin. -->","_links":{"self":[{"href":"https:\/\/altincagmakina.com.tr\/ar\/wp-json\/wp\/v2\/pages\/4382","targetHints":{"allow":["GET"]}}],"collection":[{"href":"https:\/\/altincagmakina.com.tr\/ar\/wp-json\/wp\/v2\/pages"}],"about":[{"href":"https:\/\/altincagmakina.com.tr\/ar\/wp-json\/wp\/v2\/types\/page"}],"author":[{"embeddable":true,"href":"https:\/\/altincagmakina.com.tr\/ar\/wp-json\/wp\/v2\/users\/1"}],"replies":[{"embeddable":true,"href":"https:\/\/altincagmakina.com.tr\/ar\/wp-json\/wp\/v2\/comments?post=4382"}],"version-history":[{"count":4,"href":"https:\/\/altincagmakina.com.tr\/ar\/wp-json\/wp\/v2\/pages\/4382\/revisions"}],"predecessor-version":[{"id":4671,"href":"https:\/\/altincagmakina.com.tr\/ar\/wp-json\/wp\/v2\/pages\/4382\/revisions\/4671"}],"wp:attachment":[{"href":"https:\/\/altincagmakina.com.tr\/ar\/wp-json\/wp\/v2\/media?parent=4382"}],"curies":[{"name":"wp","href":"https:\/\/api.w.org\/{rel}","templated":true}]}}