{"id":4256,"date":"2021-04-28T13:45:01","date_gmt":"2021-04-28T10:45:01","guid":{"rendered":"http:\/\/altincagmakina.com\/?page_id=4256"},"modified":"2021-12-28T10:09:50","modified_gmt":"2021-12-28T07:09:50","slug":"iletisim","status":"publish","type":"page","link":"https:\/\/altincagmakina.com.tr\/ar\/iletisim\/","title":{"rendered":"\u0627\u062a\u0635\u0644"},"content":{"rendered":"<div  class='av_gmaps_sc_main_wrap av_gmaps_main_wrap '><div id='av_gmap_0' class='avia-google-map-container avia-google-map-sc av_gmaps_show_unconditionally av-no-fallback-img ' data-mapid='av_gmap_0'  style='height: 400px;'><a class=\"av_gmaps_browser_disabled av_text_confirm_link av_text_confirm_link_visible\" href=\"https:\/\/www.google.com\/maps\/search\/?api=1&#038;query=Mersinli,%20G\u0131da%20\u00e7ar\u015f\u0131s\u0131,%201145\/1.%20Sk.%20No:%2049,%2035170%20Konak\/\u0130zmir\" target=\"_blank\" rel=\"noopener\">Maps were disabled by the visitor on this site. Click to open the map in a new window.<\/a><\/div><\/div>\n<div id='av_section_1'  class='avia-section main_color avia-section-default avia-no-border-styling  avia-bg-style-scroll  avia-builder-el-1  el_after_av_google_map  avia-builder-el-last   container_wrap fullsize' style=' '  ><div class='container' ><div class='template-page content  av-content-full alpha units'><div class='post-entry post-entry-type-page post-entry-4256'><div class='entry-content-wrapper clearfix'>\n<div class=\"flex_column av_one_half  flex_column_div av-zero-column-padding first  avia-builder-el-2  el_before_av_one_half  avia-builder-el-first  \" style='border-radius:0px; '><form action=\"https:\/\/altincagmakina.com.tr\/ar\/iletisim\/\" method=\"post\"  class=\"avia_ajax_form av-form-labels-hidden   avia-builder-el-3  avia-builder-el-no-sibling   \" data-avia-form-id=\"1\" data-avia-redirect='' ><fieldset><p class='  first_form  form_element form_fullwidth' id='element_avia_1_1'><label for=\"avia_1_1\">\u0627\u0633\u0645 <abbr class=\"required\" title=\"Zorunlu\">*<\/abbr><\/label> <input name=\"avia_1_1\" class=\"text_input is_empty\" type=\"text\" id=\"avia_1_1\" value=\"\"  placeholder='\u0627\u0633\u0645*'\/><\/p><p class='  first_form  form_element form_fullwidth' id='element_avia_2_1'><label for=\"avia_2_1\">\u0628\u0631\u064a\u062f \u0625\u0644\u0643\u062a\u0631\u0648\u0646\u064a<\/label> <input name=\"avia_2_1\" class=\"text_input \" type=\"text\" id=\"avia_2_1\" value=\"\"  placeholder='\u0628\u0631\u064a\u062f \u0625\u0644\u0643\u062a\u0631\u0648\u0646\u064a'\/><\/p><p class='  first_form  form_element form_fullwidth' id='element_avia_3_1'><label for=\"avia_3_1\">\u0633\u0645\u0629 <abbr class=\"required\" title=\"Zorunlu\">*<\/abbr><\/label> <input name=\"avia_3_1\" class=\"text_input is_empty\" type=\"text\" id=\"avia_3_1\" value=\"\"  placeholder='\u0633\u0645\u0629*'\/><\/p><p class='  first_form  form_element form_fullwidth av-last-visible-form-element' id='element_avia_4_1'><label for=\"avia_4_1\" class=\"textare_label hidden textare_label_avia_4_1\">\u0631\u0633\u0627\u0644\u0629 <abbr class=\"required\" title=\"Zorunlu\">*<\/abbr><\/label><textarea  placeholder='\u0631\u0633\u0627\u0644\u0629*' name=\"avia_4_1\" class=\"text_area is_empty\" cols=\"40\" rows=\"7\" id=\"avia_4_1\" ><\/textarea><\/p><p class=\"hidden\"><input type=\"text\" name=\"avia_5_1\" class=\"hidden \" id=\"avia_5_1\" value=\"\" \/><\/p><p class=\"form_element \"><input type=\"hidden\" value=\"1\" name=\"avia_generated_form1\" \/><input type=\"submit\" value=\"\u0625\u0631\u0633\u0627\u0644\" class=\"button\"  data-sending-label=\"G\u00f6nderiliyor\"\/><\/p><\/fieldset><\/form><div id=\"ajaxresponse_1\" class=\"ajaxresponse ajaxresponse_1 hidden\"><\/div><\/div><div class=\"flex_column av_one_half  flex_column_div av-zero-column-padding   avia-builder-el-4  el_after_av_one_half  avia-builder-el-last  \" style='border-radius:0px; '><p><article  class=\"iconbox iconbox_left_content    avia-builder-el-5  el_before_av_icon_box  avia-builder-el-first  av-icon-style-no-border\"  itemscope=\"itemscope\" itemtype=\"https:\/\/schema.org\/CreativeWork\" ><div class=\"iconbox_icon heading-color\" aria-hidden='true' data-av_icon='\uf103' data-av_iconfont='iletisim'  style='color:#00afef; ' ><\/div><div class=\"iconbox_content\"><header class=\"entry-content-header\"><h3 class='iconbox_content_title  '  itemprop=\"headline\"  >\u0627\u062a\u0635\u0644 \u0628\u0646\u0627<\/h3><\/header><div class='iconbox_content_container  '  itemprop=\"text\"  ><p>Yeni\u015fehir, G\u0131da \u00e7ar\u015f\u0131s\u0131, 1145\/1. Sk. No:49, 35170 Konak\/\u0130zmir<\/p>\n<\/div><\/div><footer class=\"entry-footer\"><\/footer><\/article><br \/>\n<article  class=\"iconbox iconbox_left_content    avia-builder-el-6  el_after_av_icon_box  el_before_av_icon_box  av-icon-style-no-border\"  itemscope=\"itemscope\" itemtype=\"https:\/\/schema.org\/CreativeWork\" ><div class=\"iconbox_icon heading-color\" aria-hidden='true' data-av_icon='\uf101' data-av_iconfont='iletisim'  style='color:#00afef; ' ><\/div><div class=\"iconbox_content\"><header class=\"entry-content-header\"><h3 class='iconbox_content_title  '  itemprop=\"headline\"  >\u0647\u0627\u062a\u0641<\/h3><\/header><div class='iconbox_content_container  '  itemprop=\"text\"  ><p>0 (232) 459 61 50<br \/>\n0 (532) 213 61 20<\/p>\n<\/div><\/div><footer class=\"entry-footer\"><\/footer><\/article><br \/>\n<article  class=\"iconbox iconbox_left_content    avia-builder-el-7  el_after_av_icon_box  avia-builder-el-last  av-icon-style-no-border\"  itemscope=\"itemscope\" itemtype=\"https:\/\/schema.org\/CreativeWork\" ><div class=\"iconbox_icon heading-color\" aria-hidden='true' data-av_icon='\uf105' data-av_iconfont='iletisim'  style='color:#00afef; ' ><\/div><div class=\"iconbox_content\"><header class=\"entry-content-header\"><h3 class='iconbox_content_title  '  itemprop=\"headline\"  >\u0628\u0631\u064a\u062f \u0625\u0644\u0643\u062a\u0631\u0648\u0646\u064a<\/h3><\/header><div class='iconbox_content_container  '  itemprop=\"text\"  ><p><a href=\"mailto:info@altincagmakina.com\">info@altincagmakina.com<\/a><br \/>\n<a href=\"mailto:destek@altincagmakina.com\">destek@altincagmakina.com<\/a><\/p>\n<\/div><\/div><footer class=\"entry-footer\"><\/footer><\/article><\/p><\/div>\n","protected":false},"excerpt":{"rendered":"","protected":false},"author":1,"featured_media":0,"parent":0,"menu_order":0,"comment_status":"closed","ping_status":"closed","template":"","meta":{"footnotes":""},"class_list":["post-4256","page","type-page","status-publish","hentry"],"yoast_head":"<!-- This site is optimized with the Yoast SEO plugin v16.3 - https:\/\/yoast.com\/wordpress\/plugins\/seo\/ -->\n<title>\u0627\u062a\u0635\u0644 - Alt\u0131n\u00e7a\u011f Makina<\/title>\n<meta name=\"robots\" content=\"index, follow, max-snippet:-1, max-image-preview:large, max-video-preview:-1\" \/>\n<link rel=\"canonical\" href=\"https:\/\/altincagmakina.com\/ar\/iletisim\/\" \/>\n<meta property=\"og:locale\" content=\"tr_TR\" \/>\n<meta property=\"og:type\" content=\"article\" \/>\n<meta property=\"og:title\" content=\"\u0627\u062a\u0635\u0644 - Alt\u0131n\u00e7a\u011f Makina\" \/>\n<meta property=\"og:url\" content=\"https:\/\/altincagmakina.com\/ar\/iletisim\/\" \/>\n<meta property=\"og:site_name\" content=\"Alt\u0131n\u00e7a\u011f Makina\" \/>\n<meta property=\"article:modified_time\" content=\"2021-12-28T07:09:50+00:00\" \/>\n<meta name=\"twitter:card\" content=\"summary_large_image\" \/>\n<meta name=\"twitter:label1\" content=\"Tahmini okuma s\u00fcresi\">\n\t<meta name=\"twitter:data1\" content=\"5 dakika\">\n<script type=\"application\/ld+json\" class=\"yoast-schema-graph\">{\"@context\":\"https:\/\/schema.org\",\"@graph\":[{\"@type\":\"WebSite\",\"@id\":\"https:\/\/altincagmakina.com\/#website\",\"url\":\"https:\/\/altincagmakina.com\/\",\"name\":\"Alt\\u0131n\\u00e7a\\u011f Makina\",\"description\":\"De\\u011firmenler, Su So\\u011futmal\\u0131 De\\u011firmen, Kavurma Makinesi, G\\u0131da Makineleri, Yard\\u0131mc\\u0131 Ekipmanlar, Aksesuarlar\",\"potentialAction\":[{\"@type\":\"SearchAction\",\"target\":\"https:\/\/altincagmakina.com\/?s={search_term_string}\",\"query-input\":\"required name=search_term_string\"}],\"inLanguage\":\"tr\"},{\"@type\":\"WebPage\",\"@id\":\"https:\/\/altincagmakina.com\/ar\/iletisim\/#webpage\",\"url\":\"https:\/\/altincagmakina.com\/ar\/iletisim\/\",\"name\":\"\\u0627\\u062a\\u0635\\u0644 - Alt\\u0131n\\u00e7a\\u011f Makina\",\"isPartOf\":{\"@id\":\"https:\/\/altincagmakina.com\/#website\"},\"datePublished\":\"2021-04-28T10:45:01+00:00\",\"dateModified\":\"2021-12-28T07:09:50+00:00\",\"breadcrumb\":{\"@id\":\"https:\/\/altincagmakina.com\/ar\/iletisim\/#breadcrumb\"},\"inLanguage\":\"tr\",\"potentialAction\":[{\"@type\":\"ReadAction\",\"target\":[\"https:\/\/altincagmakina.com\/ar\/iletisim\/\"]}]},{\"@type\":\"BreadcrumbList\",\"@id\":\"https:\/\/altincagmakina.com\/ar\/iletisim\/#breadcrumb\",\"itemListElement\":[{\"@type\":\"ListItem\",\"position\":1,\"item\":{\"@id\":\"https:\/\/altincagmakina.com\/ar\/iletisim\/#webpage\"}}]}]}<\/script>\n<!-- \/ Yoast SEO plugin. -->","_links":{"self":[{"href":"https:\/\/altincagmakina.com.tr\/ar\/wp-json\/wp\/v2\/pages\/4256","targetHints":{"allow":["GET"]}}],"collection":[{"href":"https:\/\/altincagmakina.com.tr\/ar\/wp-json\/wp\/v2\/pages"}],"about":[{"href":"https:\/\/altincagmakina.com.tr\/ar\/wp-json\/wp\/v2\/types\/page"}],"author":[{"embeddable":true,"href":"https:\/\/altincagmakina.com.tr\/ar\/wp-json\/wp\/v2\/users\/1"}],"replies":[{"embeddable":true,"href":"https:\/\/altincagmakina.com.tr\/ar\/wp-json\/wp\/v2\/comments?post=4256"}],"version-history":[{"count":26,"href":"https:\/\/altincagmakina.com.tr\/ar\/wp-json\/wp\/v2\/pages\/4256\/revisions"}],"predecessor-version":[{"id":4673,"href":"https:\/\/altincagmakina.com.tr\/ar\/wp-json\/wp\/v2\/pages\/4256\/revisions\/4673"}],"wp:attachment":[{"href":"https:\/\/altincagmakina.com.tr\/ar\/wp-json\/wp\/v2\/media?parent=4256"}],"curies":[{"name":"wp","href":"https:\/\/api.w.org\/{rel}","templated":true}]}}