{"id":4234,"date":"2021-04-28T12:05:48","date_gmt":"2021-04-28T09:05:48","guid":{"rendered":"http:\/\/altincagmakina.com\/?page_id=4234"},"modified":"2021-12-27T15:01:09","modified_gmt":"2021-12-27T12:01:09","slug":"aksesuarlar","status":"publish","type":"page","link":"https:\/\/altincagmakina.com.tr\/ar\/aksesuarlar\/","title":{"rendered":"\u0627\u0644\u0645\u0644\u062d\u0642\u0627\u062a"},"content":{"rendered":"<div id='av_section_1'  class='avia-section main_color avia-section-default avia-no-border-styling  avia-bg-style-scroll  avia-builder-el-0  avia-builder-el-no-sibling   container_wrap fullsize' style=' '  ><div class='container' ><main  role=\"main\" itemprop=\"mainContentOfPage\"  class='template-page content  av-content-full alpha units'><div class='post-entry post-entry-type-page post-entry-4234'><div class='entry-content-wrapper clearfix'>\n<div  id=\"urunbaslik\"  style='padding-bottom:10px; color:#240000;' class='av-special-heading av-special-heading-h1 custom-color-heading blockquote modern-quote modern-centered  avia-builder-el-1  el_before_av_productgrid  avia-builder-el-first  urunbaslik '><h1 class='av-special-heading-tag '  itemprop=\"headline\"  >\u0627\u0644\u0645\u0644\u062d\u0642\u0627\u062a<\/h1><div class='special-heading-border'><div class='special-heading-inner-border' style='border-color:#240000'><\/div><\/div><\/div>\n<div   data-autoplay=''  data-interval='5'  data-animation='fade'  data-hoverpause='1'  class='template-shop avia-content-slider avia-content-grid-active avia-product-slider1 avia-content-slider-even  avia-builder-el-2  el_after_av_heading  avia-builder-el-last   shop_columns_4' ><div class='product-sorting'><ul class='sort-param sort-param-order'><li><span class='currently-selected'>S\u0131ralama \u00f6l\u00e7\u00fct\u00fc <strong>Varsay\u0131lan<\/strong><\/span><ul><li class='current-param'><a href='?avia_extended_shop_select=yes&product_order=default' rel=\"nofollow\"><span class='avia-bullet'><\/span>Varsay\u0131lan<\/a><\/li><li><a href='?avia_extended_shop_select=yes&product_order=menu_order' rel=\"nofollow\"><span class='avia-bullet'><\/span>Custom<\/a><\/li><li><a href='?avia_extended_shop_select=yes&product_order=title' rel=\"nofollow\"><span class='avia-bullet'><\/span>\u0130sim<\/a><\/li><li><a href='?avia_extended_shop_select=yes&product_order=price' rel=\"nofollow\"><span class='avia-bullet'><\/span>Fiyat<\/a><\/li><li><a href='?avia_extended_shop_select=yes&product_order=date' rel=\"nofollow\"><span class='avia-bullet'><\/span>Tarih<\/a><\/li><li><a href='?avia_extended_shop_select=yes&product_order=popularity' rel=\"nofollow\"><span class='avia-bullet'><\/span>Popularity (sales)<\/a><\/li><li><a href='?avia_extended_shop_select=yes&product_order=rating' rel=\"nofollow\"><span class='avia-bullet'><\/span>Average rating<\/a><\/li><li><a href='?avia_extended_shop_select=yes&product_order=relevance' rel=\"nofollow\"><span class='avia-bullet'><\/span>Relevance<\/a><\/li><li><a href='?avia_extended_shop_select=yes&product_order=rand' rel=\"nofollow\"><span class='avia-bullet'><\/span>Rastgele<\/a><\/li><li><a href='?avia_extended_shop_select=yes&product_order=id' rel=\"nofollow\"><span class='avia-bullet'><\/span>Product ID<\/a><\/li><\/ul><\/li><\/ul><ul class='sort-param sort-param-count'><li><span class='currently-selected'>G\u00f6r\u00fcnt\u00fcle <strong>9 Sayfa ba\u015f\u0131na \u00fcr\u00fcn<\/strong><\/span><ul><li class='current-param'><a href='?paged=1&avia_extended_shop_select=yes&product_count=9' rel=\"nofollow\">\t\t<span class='avia-bullet'><\/span>9 Sayfa ba\u015f\u0131na \u00fcr\u00fcn<\/a><\/li><li><a href='?paged=1&avia_extended_shop_select=yes&product_count=18' rel=\"nofollow\">\t<span class='avia-bullet'><\/span>18 Sayfa ba\u015f\u0131na \u00fcr\u00fcn<\/a><\/li><li><a href='?paged=1&avia_extended_shop_select=yes&product_count=27' rel=\"nofollow\">\t<span class='avia-bullet'><\/span>27 Sayfa ba\u015f\u0131na \u00fcr\u00fcn<\/a><\/li><\/ul><\/li><\/ul><\/div><div class='avia-content-slider-inner'><ul class=\"products\"><li class=\"product type-product post-4241 status-publish first instock product_cat-aksesuarlar has-post-thumbnail shipping-taxable purchasable product-type-simple\">\n\t<div class='inner_product main_color wrapped_style noLightbox  av-product-class-no_button'><div class='thumbnail_container'><img loading=\"lazy\" decoding=\"async\" width=\"300\" height=\"375\" src=\"https:\/\/altincagmakina.com.tr\/ar\/wp-content\/uploads\/2021\/04\/asilo-1-300x375.jpg\" class=\"wp-image-4244 avia-img-lazy-loading-4244 attachment-woocommerce_thumbnail size-woocommerce_thumbnail wp-post-image\" alt=\"\" \/><span class='cart-loading'><\/span><\/div><div class='inner_product_header'><div class='avia-arrow'><\/div><div class='inner_product_header_table'><div class='inner_product_header_cell'><\/div><\/div><\/div><\/div><\/li>\n<li class=\"product type-product post-4245 status-publish instock product_cat-aksesuarlar has-post-thumbnail shipping-taxable purchasable product-type-simple\">\n\t<div class='inner_product main_color wrapped_style noLightbox  av-product-class-no_button'><div class='thumbnail_container'><img loading=\"lazy\" decoding=\"async\" width=\"300\" height=\"375\" src=\"https:\/\/altincagmakina.com.tr\/ar\/wp-content\/uploads\/2021\/04\/asilom-300x375.jpg\" class=\"wp-image-4246 avia-img-lazy-loading-4246 attachment-woocommerce_thumbnail size-woocommerce_thumbnail wp-post-image\" alt=\"\" \/><span class='cart-loading'><\/span><\/div><div class='inner_product_header'><div class='avia-arrow'><\/div><div class='inner_product_header_table'><div class='inner_product_header_cell'><\/div><\/div><\/div><\/div><\/li>\n<li class=\"product type-product post-4247 status-publish instock product_cat-aksesuarlar has-post-thumbnail shipping-taxable purchasable product-type-simple\">\n\t<div class='inner_product main_color wrapped_style noLightbox  av-product-class-no_button'><div class='thumbnail_container'><img loading=\"lazy\" decoding=\"async\" width=\"300\" height=\"375\" src=\"https:\/\/altincagmakina.com.tr\/ar\/wp-content\/uploads\/2021\/04\/asilos-300x375.jpg\" class=\"wp-image-4248 avia-img-lazy-loading-4248 attachment-woocommerce_thumbnail size-woocommerce_thumbnail wp-post-image\" alt=\"\" \/><span class='cart-loading'><\/span><\/div><div class='inner_product_header'><div class='avia-arrow'><\/div><div class='inner_product_header_table'><div class='inner_product_header_cell'><\/div><\/div><\/div><\/div><\/li>\n<\/ul><\/div><\/div><div class=\"clear\"><\/div>\n\n","protected":false},"excerpt":{"rendered":"","protected":false},"author":1,"featured_media":0,"parent":0,"menu_order":0,"comment_status":"closed","ping_status":"closed","template":"","meta":{"footnotes":""},"class_list":["post-4234","page","type-page","status-publish","hentry"],"yoast_head":"<!-- This site is optimized with the Yoast SEO plugin v16.3 - https:\/\/yoast.com\/wordpress\/plugins\/seo\/ -->\n<title>\u0627\u0644\u0645\u0644\u062d\u0642\u0627\u062a - Alt\u0131n\u00e7a\u011f Makina<\/title>\n<meta name=\"robots\" content=\"index, follow, max-snippet:-1, max-image-preview:large, max-video-preview:-1\" \/>\n<link rel=\"canonical\" href=\"https:\/\/altincagmakina.com\/ar\/aksesuarlar\/\" \/>\n<meta property=\"og:locale\" content=\"tr_TR\" \/>\n<meta property=\"og:type\" content=\"article\" \/>\n<meta property=\"og:title\" content=\"\u0627\u0644\u0645\u0644\u062d\u0642\u0627\u062a - Alt\u0131n\u00e7a\u011f Makina\" \/>\n<meta property=\"og:url\" content=\"https:\/\/altincagmakina.com\/ar\/aksesuarlar\/\" \/>\n<meta property=\"og:site_name\" content=\"Alt\u0131n\u00e7a\u011f Makina\" \/>\n<meta property=\"article:modified_time\" content=\"2021-12-27T12:01:09+00:00\" \/>\n<meta name=\"twitter:card\" content=\"summary_large_image\" \/>\n<meta name=\"twitter:label1\" content=\"Tahmini okuma s\u00fcresi\">\n\t<meta name=\"twitter:data1\" content=\"1 dakika\">\n<script type=\"application\/ld+json\" class=\"yoast-schema-graph\">{\"@context\":\"https:\/\/schema.org\",\"@graph\":[{\"@type\":\"WebSite\",\"@id\":\"https:\/\/altincagmakina.com\/#website\",\"url\":\"https:\/\/altincagmakina.com\/\",\"name\":\"Alt\\u0131n\\u00e7a\\u011f Makina\",\"description\":\"De\\u011firmenler, Su So\\u011futmal\\u0131 De\\u011firmen, Kavurma Makinesi, G\\u0131da Makineleri, Yard\\u0131mc\\u0131 Ekipmanlar, Aksesuarlar\",\"potentialAction\":[{\"@type\":\"SearchAction\",\"target\":\"https:\/\/altincagmakina.com\/?s={search_term_string}\",\"query-input\":\"required name=search_term_string\"}],\"inLanguage\":\"tr\"},{\"@type\":\"WebPage\",\"@id\":\"https:\/\/altincagmakina.com\/ar\/aksesuarlar\/#webpage\",\"url\":\"https:\/\/altincagmakina.com\/ar\/aksesuarlar\/\",\"name\":\"\\u0627\\u0644\\u0645\\u0644\\u062d\\u0642\\u0627\\u062a - Alt\\u0131n\\u00e7a\\u011f Makina\",\"isPartOf\":{\"@id\":\"https:\/\/altincagmakina.com\/#website\"},\"datePublished\":\"2021-04-28T09:05:48+00:00\",\"dateModified\":\"2021-12-27T12:01:09+00:00\",\"breadcrumb\":{\"@id\":\"https:\/\/altincagmakina.com\/ar\/aksesuarlar\/#breadcrumb\"},\"inLanguage\":\"tr\",\"potentialAction\":[{\"@type\":\"ReadAction\",\"target\":[\"https:\/\/altincagmakina.com\/ar\/aksesuarlar\/\"]}]},{\"@type\":\"BreadcrumbList\",\"@id\":\"https:\/\/altincagmakina.com\/ar\/aksesuarlar\/#breadcrumb\",\"itemListElement\":[{\"@type\":\"ListItem\",\"position\":1,\"item\":{\"@id\":\"https:\/\/altincagmakina.com\/ar\/aksesuarlar\/#webpage\"}}]}]}<\/script>\n<!-- \/ Yoast SEO plugin. -->","_links":{"self":[{"href":"https:\/\/altincagmakina.com.tr\/ar\/wp-json\/wp\/v2\/pages\/4234","targetHints":{"allow":["GET"]}}],"collection":[{"href":"https:\/\/altincagmakina.com.tr\/ar\/wp-json\/wp\/v2\/pages"}],"about":[{"href":"https:\/\/altincagmakina.com.tr\/ar\/wp-json\/wp\/v2\/types\/page"}],"author":[{"embeddable":true,"href":"https:\/\/altincagmakina.com.tr\/ar\/wp-json\/wp\/v2\/users\/1"}],"replies":[{"embeddable":true,"href":"https:\/\/altincagmakina.com.tr\/ar\/wp-json\/wp\/v2\/comments?post=4234"}],"version-history":[{"count":5,"href":"https:\/\/altincagmakina.com.tr\/ar\/wp-json\/wp\/v2\/pages\/4234\/revisions"}],"predecessor-version":[{"id":4659,"href":"https:\/\/altincagmakina.com.tr\/ar\/wp-json\/wp\/v2\/pages\/4234\/revisions\/4659"}],"wp:attachment":[{"href":"https:\/\/altincagmakina.com.tr\/ar\/wp-json\/wp\/v2\/media?parent=4234"}],"curies":[{"name":"wp","href":"https:\/\/api.w.org\/{rel}","templated":true}]}}