{"id":4221,"date":"2021-04-28T12:00:56","date_gmt":"2021-04-28T09:00:56","guid":{"rendered":"http:\/\/altincagmakina.com\/?page_id=4221"},"modified":"2021-12-27T15:00:21","modified_gmt":"2021-12-27T12:00:21","slug":"tesisler","status":"publish","type":"page","link":"https:\/\/altincagmakina.com.tr\/ar\/tesisler\/","title":{"rendered":"\u0627\u0644\u0645\u0646\u0634\u0623\u062a"},"content":{"rendered":"<div id='av_section_1'  class='avia-section main_color avia-section-default avia-no-border-styling  avia-bg-style-scroll  avia-builder-el-0  avia-builder-el-no-sibling   container_wrap fullsize' style=' '  ><div class='container' ><main  role=\"main\" itemprop=\"mainContentOfPage\"  class='template-page content  av-content-full alpha units'><div class='post-entry post-entry-type-page post-entry-4221'><div class='entry-content-wrapper clearfix'>\n<div  id=\"urunbaslik\"  style='padding-bottom:10px; color:#240000;' class='av-special-heading av-special-heading-h1 custom-color-heading blockquote modern-quote modern-centered  avia-builder-el-1  el_before_av_gallery  avia-builder-el-first  urunbaslik '><h1 class='av-special-heading-tag '  itemprop=\"headline\"  >\u0627\u0644\u0645\u0646\u0634\u0623\u062a<\/h1><div class ='av-subheading av-subheading_below av_custom_color ' style='font-size:15px;'><p>&#8220;\u0646\u062d\u0646 \u0646\u0642\u062f\u0645 \u062d\u0644\u0648\u0644\u064b\u0627 \u0644\u0627\u062d\u062a\u064a\u0627\u062c\u0627\u062a \u0646\u0628\u0627\u062a\u0627\u062a \u0627\u0644\u0642\u0647\u0648\u0629 \u0628\u0627\u0644\u062d\u062c\u0645 \u0627\u0644\u0642\u064a\u0627\u0633\u064a \u0648\u0627\u0644\u0627\u062d\u062a\u0631\u0627\u0641\u064a&#8221;<\/p>\n<\/div><div class='special-heading-border'><div class='special-heading-inner-border' style='border-color:#240000'><\/div><\/div><\/div>\n<div  class='avia-gallery  avia-gallery-1 avia_lazyload avia-gallery-animate avia_animate_when_visible  avia-builder-el-2  el_after_av_heading  avia-builder-el-last '  itemprop=\"image\" itemscope=\"itemscope\" itemtype=\"https:\/\/schema.org\/ImageObject\" ><div class='avia-gallery-thumb'> <a href='https:\/\/altincagmakina.com.tr\/ar\/wp-content\/uploads\/2021\/09\/tesis2.jpg' data-rel='gallery-1' data-prev-img='https:\/\/altincagmakina.com.tr\/ar\/wp-content\/uploads\/2021\/09\/tesis2-495x400.jpg' class='first_thumb lightbox ' data-onclick='1' title='tesis2'  itemprop=\"thumbnailUrl\"  ><img decoding=\"async\" class=\"wp-image-4555 avia-img-lazy-loading-not-4555\"   src=\"https:\/\/altincagmakina.com.tr\/ar\/wp-content\/uploads\/2021\/09\/tesis2-495x400.jpg\" width=\"495\" height=\"400\"  title='tesis2' alt='' \/><\/a> <a href='https:\/\/altincagmakina.com.tr\/ar\/wp-content\/uploads\/2021\/09\/1-1.jpg' data-rel='gallery-1' data-prev-img='https:\/\/altincagmakina.com.tr\/ar\/wp-content\/uploads\/2021\/09\/1-1-495x400.jpg' class='lightbox ' data-onclick='2' title='1-(1)'  itemprop=\"thumbnailUrl\"  ><img decoding=\"async\" class=\"wp-image-4556 avia-img-lazy-loading-not-4556\"   src=\"https:\/\/altincagmakina.com.tr\/ar\/wp-content\/uploads\/2021\/09\/1-1-495x400.jpg\" width=\"495\" height=\"400\"  title='1-(1)' alt='' \/><\/a> <a href='https:\/\/altincagmakina.com.tr\/ar\/wp-content\/uploads\/2021\/09\/1.jpg' data-rel='gallery-1' data-prev-img='https:\/\/altincagmakina.com.tr\/ar\/wp-content\/uploads\/2021\/09\/1-495x400.jpg' class='lightbox ' data-onclick='3' title='1'  itemprop=\"thumbnailUrl\"  ><img decoding=\"async\" class=\"wp-image-4557 avia-img-lazy-loading-not-4557\"   src=\"https:\/\/altincagmakina.com.tr\/ar\/wp-content\/uploads\/2021\/09\/1-495x400.jpg\" width=\"495\" height=\"400\"  title='1' alt='' \/><\/a> <a href='https:\/\/altincagmakina.com.tr\/ar\/wp-content\/uploads\/2021\/09\/3.jpg' data-rel='gallery-1' data-prev-img='https:\/\/altincagmakina.com.tr\/ar\/wp-content\/uploads\/2021\/09\/3-495x400.jpg' class='lightbox ' data-onclick='4' title='3'  itemprop=\"thumbnailUrl\"  ><img decoding=\"async\" class=\"wp-image-4558 avia-img-lazy-loading-not-4558\"   src=\"https:\/\/altincagmakina.com.tr\/ar\/wp-content\/uploads\/2021\/09\/3-495x400.jpg\" width=\"495\" height=\"400\"  title='3' alt='' \/><\/a> <a href='https:\/\/altincagmakina.com.tr\/ar\/wp-content\/uploads\/2021\/09\/4.jpg' data-rel='gallery-1' data-prev-img='https:\/\/altincagmakina.com.tr\/ar\/wp-content\/uploads\/2021\/09\/4-495x400.jpg' class='lightbox ' data-onclick='5' title='4'  itemprop=\"thumbnailUrl\"  ><img decoding=\"async\" class=\"wp-image-4559 avia-img-lazy-loading-not-4559\"   src=\"https:\/\/altincagmakina.com.tr\/ar\/wp-content\/uploads\/2021\/09\/4-495x400.jpg\" width=\"495\" height=\"400\"  title='4' alt='' \/><\/a><\/div><\/div>\n\n","protected":false},"excerpt":{"rendered":"","protected":false},"author":1,"featured_media":0,"parent":0,"menu_order":0,"comment_status":"closed","ping_status":"closed","template":"","meta":{"footnotes":""},"class_list":["post-4221","page","type-page","status-publish","hentry"],"yoast_head":"<!-- This site is optimized with the Yoast SEO plugin v16.3 - https:\/\/yoast.com\/wordpress\/plugins\/seo\/ -->\n<title>\u0627\u0644\u0645\u0646\u0634\u0623\u062a - Alt\u0131n\u00e7a\u011f Makina<\/title>\n<meta name=\"robots\" content=\"index, follow, max-snippet:-1, max-image-preview:large, max-video-preview:-1\" \/>\n<link rel=\"canonical\" href=\"https:\/\/altincagmakina.com\/ar\/tesisler\/\" \/>\n<meta property=\"og:locale\" content=\"tr_TR\" \/>\n<meta property=\"og:type\" content=\"article\" \/>\n<meta property=\"og:title\" content=\"\u0627\u0644\u0645\u0646\u0634\u0623\u062a - Alt\u0131n\u00e7a\u011f Makina\" \/>\n<meta property=\"og:url\" content=\"https:\/\/altincagmakina.com\/ar\/tesisler\/\" \/>\n<meta property=\"og:site_name\" content=\"Alt\u0131n\u00e7a\u011f Makina\" \/>\n<meta property=\"article:modified_time\" content=\"2021-12-27T12:00:21+00:00\" \/>\n<meta name=\"twitter:card\" content=\"summary_large_image\" \/>\n<meta name=\"twitter:label1\" content=\"Tahmini okuma s\u00fcresi\">\n\t<meta name=\"twitter:data1\" content=\"1 dakika\">\n<script type=\"application\/ld+json\" class=\"yoast-schema-graph\">{\"@context\":\"https:\/\/schema.org\",\"@graph\":[{\"@type\":\"WebSite\",\"@id\":\"https:\/\/altincagmakina.com\/#website\",\"url\":\"https:\/\/altincagmakina.com\/\",\"name\":\"Alt\\u0131n\\u00e7a\\u011f Makina\",\"description\":\"De\\u011firmenler, Su So\\u011futmal\\u0131 De\\u011firmen, Kavurma Makinesi, G\\u0131da Makineleri, Yard\\u0131mc\\u0131 Ekipmanlar, Aksesuarlar\",\"potentialAction\":[{\"@type\":\"SearchAction\",\"target\":\"https:\/\/altincagmakina.com\/?s={search_term_string}\",\"query-input\":\"required name=search_term_string\"}],\"inLanguage\":\"tr\"},{\"@type\":\"WebPage\",\"@id\":\"https:\/\/altincagmakina.com\/ar\/tesisler\/#webpage\",\"url\":\"https:\/\/altincagmakina.com\/ar\/tesisler\/\",\"name\":\"\\u0627\\u0644\\u0645\\u0646\\u0634\\u0623\\u062a - Alt\\u0131n\\u00e7a\\u011f Makina\",\"isPartOf\":{\"@id\":\"https:\/\/altincagmakina.com\/#website\"},\"datePublished\":\"2021-04-28T09:00:56+00:00\",\"dateModified\":\"2021-12-27T12:00:21+00:00\",\"breadcrumb\":{\"@id\":\"https:\/\/altincagmakina.com\/ar\/tesisler\/#breadcrumb\"},\"inLanguage\":\"tr\",\"potentialAction\":[{\"@type\":\"ReadAction\",\"target\":[\"https:\/\/altincagmakina.com\/ar\/tesisler\/\"]}]},{\"@type\":\"BreadcrumbList\",\"@id\":\"https:\/\/altincagmakina.com\/ar\/tesisler\/#breadcrumb\",\"itemListElement\":[{\"@type\":\"ListItem\",\"position\":1,\"item\":{\"@id\":\"https:\/\/altincagmakina.com\/ar\/tesisler\/#webpage\"}}]}]}<\/script>\n<!-- \/ Yoast SEO plugin. -->","_links":{"self":[{"href":"https:\/\/altincagmakina.com.tr\/ar\/wp-json\/wp\/v2\/pages\/4221","targetHints":{"allow":["GET"]}}],"collection":[{"href":"https:\/\/altincagmakina.com.tr\/ar\/wp-json\/wp\/v2\/pages"}],"about":[{"href":"https:\/\/altincagmakina.com.tr\/ar\/wp-json\/wp\/v2\/types\/page"}],"author":[{"embeddable":true,"href":"https:\/\/altincagmakina.com.tr\/ar\/wp-json\/wp\/v2\/users\/1"}],"replies":[{"embeddable":true,"href":"https:\/\/altincagmakina.com.tr\/ar\/wp-json\/wp\/v2\/comments?post=4221"}],"version-history":[{"count":7,"href":"https:\/\/altincagmakina.com.tr\/ar\/wp-json\/wp\/v2\/pages\/4221\/revisions"}],"predecessor-version":[{"id":4656,"href":"https:\/\/altincagmakina.com.tr\/ar\/wp-json\/wp\/v2\/pages\/4221\/revisions\/4656"}],"wp:attachment":[{"href":"https:\/\/altincagmakina.com.tr\/ar\/wp-json\/wp\/v2\/media?parent=4221"}],"curies":[{"name":"wp","href":"https:\/\/api.w.org\/{rel}","templated":true}]}}