{"id":3265,"date":"2021-03-24T14:58:52","date_gmt":"2021-03-24T11:58:52","guid":{"rendered":"http:\/\/altincagmakina.com\/index.php\/sepet\/"},"modified":"2021-03-24T14:58:52","modified_gmt":"2021-03-24T11:58:52","slug":"sepet","status":"publish","type":"page","link":"https:\/\/altincagmakina.com.tr\/ar\/sepet\/","title":{"rendered":"Sepet"},"content":{"rendered":"\n","protected":false},"excerpt":{"rendered":"","protected":false},"author":1,"featured_media":0,"parent":0,"menu_order":0,"comment_status":"closed","ping_status":"closed","template":"","meta":{"footnotes":""},"class_list":["post-3265","page","type-page","status-publish","hentry"],"yoast_head":"<!-- This site is optimized with the Yoast SEO plugin v16.3 - https:\/\/yoast.com\/wordpress\/plugins\/seo\/ -->\n<title>Sepet - Alt\u0131n\u00e7a\u011f Makina<\/title>\n<meta name=\"robots\" content=\"index, follow, max-snippet:-1, max-image-preview:large, max-video-preview:-1\" \/>\n<link rel=\"canonical\" href=\"https:\/\/altincagmakina.com\/sepet\/\" \/>\n<meta property=\"og:locale\" content=\"tr_TR\" \/>\n<meta property=\"og:type\" content=\"article\" \/>\n<meta property=\"og:title\" content=\"Sepet - Alt\u0131n\u00e7a\u011f Makina\" \/>\n<meta property=\"og:url\" content=\"https:\/\/altincagmakina.com\/sepet\/\" \/>\n<meta property=\"og:site_name\" content=\"Alt\u0131n\u00e7a\u011f Makina\" \/>\n<meta name=\"twitter:card\" content=\"summary_large_image\" \/>\n<script type=\"application\/ld+json\" class=\"yoast-schema-graph\">{\"@context\":\"https:\/\/schema.org\",\"@graph\":[{\"@type\":\"WebSite\",\"@id\":\"https:\/\/altincagmakina.com\/#website\",\"url\":\"https:\/\/altincagmakina.com\/\",\"name\":\"Alt\\u0131n\\u00e7a\\u011f Makina\",\"description\":\"De\\u011firmenler, Su So\\u011futmal\\u0131 De\\u011firmen, Kavurma Makinesi, G\\u0131da Makineleri, Yard\\u0131mc\\u0131 Ekipmanlar, Aksesuarlar\",\"potentialAction\":[{\"@type\":\"SearchAction\",\"target\":\"https:\/\/altincagmakina.com\/?s={search_term_string}\",\"query-input\":\"required name=search_term_string\"}],\"inLanguage\":\"tr\"},{\"@type\":\"WebPage\",\"@id\":\"https:\/\/altincagmakina.com\/sepet\/#webpage\",\"url\":\"https:\/\/altincagmakina.com\/sepet\/\",\"name\":\"Sepet - Alt\\u0131n\\u00e7a\\u011f Makina\",\"isPartOf\":{\"@id\":\"https:\/\/altincagmakina.com\/#website\"},\"datePublished\":\"2021-03-24T11:58:52+00:00\",\"dateModified\":\"2021-03-24T11:58:52+00:00\",\"breadcrumb\":{\"@id\":\"https:\/\/altincagmakina.com\/sepet\/#breadcrumb\"},\"inLanguage\":\"tr\",\"potentialAction\":[{\"@type\":\"ReadAction\",\"target\":[\"https:\/\/altincagmakina.com\/sepet\/\"]}]},{\"@type\":\"BreadcrumbList\",\"@id\":\"https:\/\/altincagmakina.com\/sepet\/#breadcrumb\",\"itemListElement\":[{\"@type\":\"ListItem\",\"position\":1,\"item\":{\"@id\":\"https:\/\/altincagmakina.com\/sepet\/#webpage\"}}]}]}<\/script>\n<!-- \/ Yoast SEO plugin. -->","_links":{"self":[{"href":"https:\/\/altincagmakina.com.tr\/ar\/wp-json\/wp\/v2\/pages\/3265","targetHints":{"allow":["GET"]}}],"collection":[{"href":"https:\/\/altincagmakina.com.tr\/ar\/wp-json\/wp\/v2\/pages"}],"about":[{"href":"https:\/\/altincagmakina.com.tr\/ar\/wp-json\/wp\/v2\/types\/page"}],"author":[{"embeddable":true,"href":"https:\/\/altincagmakina.com.tr\/ar\/wp-json\/wp\/v2\/users\/1"}],"replies":[{"embeddable":true,"href":"https:\/\/altincagmakina.com.tr\/ar\/wp-json\/wp\/v2\/comments?post=3265"}],"version-history":[{"count":0,"href":"https:\/\/altincagmakina.com.tr\/ar\/wp-json\/wp\/v2\/pages\/3265\/revisions"}],"wp:attachment":[{"href":"https:\/\/altincagmakina.com.tr\/ar\/wp-json\/wp\/v2\/media?parent=3265"}],"curies":[{"name":"wp","href":"https:\/\/api.w.org\/{rel}","templated":true}]}}